{"id":3352,"date":"2025-10-31T09:43:12","date_gmt":"2025-10-31T08:43:12","guid":{"rendered":"https:\/\/www.chateaudechambonnieres.com\/terms-of-use\/"},"modified":"2026-04-02T14:33:27","modified_gmt":"2026-04-02T12:33:27","slug":"terms-of-use","status":"publish","type":"page","link":"https:\/\/www.chateaudechambonnieres.com\/en\/terms-of-use\/","title":{"rendered":"Terms of use"},"content":{"rendered":"\n<div class=\"wp-block-group section-1 has-custom-color-4-background-color has-background has-global-padding is-layout-constrained wp-container-core-group-is-layout-128cd087 wp-block-group-is-layout-constrained\" style=\"margin-top:0px;margin-bottom:0px;padding-right:0px;padding-bottom:0;padding-left:0px\">\n<div data-swiper=\"{&quot;speed&quot;:1000,&quot;autoplay&quot;:{&quot;delay&quot;:5000,&quot;disableOnInteraction&quot;:false},&quot;spaceBetween&quot;:0,&quot;slidesPerView&quot;:1,&quot;pagination&quot;:{&quot;el&quot;:&quot;.swiper-pagination&quot;,&quot;dynamicBullets&quot;:true,&quot;clickable&quot;:true,&quot;type&quot;:&quot;bullets&quot;},&quot;navigation&quot;:{&quot;nextEl&quot;:&quot;.swiper-button-next&quot;,&quot;prevEl&quot;:&quot;.swiper-button-prev&quot;},&quot;breakpoints&quot;:[{&quot;slidesPerView&quot;:1}]}\" class=\"wp-block-cover alignwide is-light has-custom-color-1-color has-text-color has-link-color wp-elements-a1a908e6ab0c80e3858488b37dd06f88\" style=\"padding-top:8rem;padding-right:10rem;padding-bottom:13rem;padding-left:10rem\"><span aria-hidden=\"true\" class=\"wp-block-cover__background has-background-dim-0 has-background-dim\"><\/span><div class=\"wp-block-cover__inner-container has-global-padding is-layout-constrained wp-container-core-cover-is-layout-e3cc0681 wp-block-cover-is-layout-constrained\">\n<h1 class=\"wp-block-heading has-text-align-center big-title has-custom-color-1-color has-text-color has-link-color has-vaelia-font-family wp-elements-6285e2c92b713b05cd1a5fde8ad78ad4\" style=\"margin-bottom:4rem;font-size:clamp(38.253px, 2.391rem + ((1vw - 3.2px) * 3.411), 71px);line-height:1\">Terms of use<\/h1>\n\n\n\n<h2 class=\"wp-block-heading\">RESPONSIBLE FOR THE SITE<\/h2>\n\n\n\n<p><strong>Ch\u00e2teau de Chambonni\u00e8res Campsite<\/strong><\/p>\n\n\n\n<p>Address: 8 Chem. des Guignes Barres, Le Plessis-Feu-Aussoux, \u00cele-de-France<br\/>Telephone: +33555840958<br\/>Email: contact@chateaudechambonnieres.com<br\/>SIRET: 98938141300016<br\/>Legal form: SAS, soci\u00e9t\u00e9 par actions simplifi\u00e9e<br\/>Share capital: \u20ac20,000.00<br\/>Intracommunity VAT number: FR21829712686 <br\/>Publication manager: ZANUTEL Christelle <\/p>\n\n\n\n<h2 class=\"wp-block-heading\">REALIZATION<\/h2>\n\n\n\n<p>GEEK TONIC<br\/>Represented by Mr Yohann Darmayan in his capacity as Manager<br\/>Registered office: 16 CHEMIN DE SABALCE 64100 BAYONNE<br\/>Tel: 05 32 74 11 52<br\/>E-mail: support@geek-tonic.com<br\/>Website: <a href=\"https:\/\/www.geek-tonic.com\/\">www.geek-tonic.com<br\/><\/a>SIRET: 89746755100015<br\/>APE: 6201Z<\/p>\n\n\n\n<h2 class=\"wp-block-heading\">COPYRIGHTS AND COPYRIGHT<\/h2>\n\n\n\n<p>The entire content of this site is subject to copyright and intellectual property rights under French law. Any reproduction (including photos, icons and downloadable documents) is prohibited without prior consent from GEEK TONIC. Reproduction of all or part of the site in electronic or paper format is prohibited. GEEK TONIC accepts no responsibility for the content of the website. GEEK TONIC also accepts no responsibility for external links to this website.   <\/p>\n\n\n\n<h2 class=\"wp-block-heading\">PERSONAL DATA AND NOMINATIVE INFORMATION<\/h2>\n\n\n\n<p>You have the right to access, modify, rectify and delete data concerning you in accordance with Article 34 of the French Data Protection Act (Loi &#8221; Informatique et Libert\u00e9s &#8221; n\u00b0 78-17 du 6 janvier 1978, modified on August 6, 2018). To deploy this right of access, you can do so by simple written request to the site editor. <\/p>\n\n\n\n<h2 class=\"wp-block-heading\">LEGISLATION<\/h2>\n\n\n\n<p>In accordance with the law of March 11, 1957 (art. 41) and the intellectual property code of July 1, 1992, it is forbidden to reproduce any part of the site in whole or in part without prior authorization from the site editor. Logos, visuals, photos, videos, graphic charts and texts are the property of their respective owners. This site may, without its knowledge, have been linked to other sites via hypermedia links. The site editor declines all responsibility for the information presented on these other sites. The Internet user acknowledges that use of this site is governed by French law.    <\/p>\n\n\n\n<h2 class=\"wp-block-heading\">MEDIATION OF CONSUMER DISPUTES<\/h2>\n\n\n\n<p>In accordance with the provisions of the French Consumer Code concerning &#8220;the mediation process for consumer disputes&#8221;, the customer has the right to use, free of charge, the mediation service offered by the Ch\u00e2teau de Chambonni\u00e8res campsite. The &#8220;consumer law&#8221; mediator thus proposed is CM2C. This mediation service can be reached by : &#8211; electronically: www.cm2c.net; &#8211; or by post: CM2C &#8211; Centre de m\u00e9diation et r\u00e8glement amiable des huissiers de justice- 14, Rue Saint-Jean, 75017 Paris.  <\/p>\n\n\n\n<h2 class=\"wp-block-heading\">RESPONSIBILITY FOR LEGAL CONTENT<\/h2>\n\n\n\n<p>As the owner of your site, it is your responsibility to ensure that the Legal Notice and Privacy Policy pages comply with current legislation, in particular the RGPD (General Data Protection Regulation) for sites collecting personal data. These pages must be updated regularly and transparently reflect your company&#8217;s legal and practical information, as well as the personal data processing carried out. <\/p>\n\n\n\n<p>Our agency can help you with the technical set-up of these pages, but you remain responsible for their legal content. We strongly recommend that you consult a legal expert to ensure that your legal notices and privacy policy comply with the legislation applicable to your business. Contact us if you need to, and we&#8217;ll be happy to refer you to a partner lawyer.  <\/p>\n<\/div><\/div>\n\n\n\n<div class=\"wp-block-group shape bottom has-custom-color-4-background-color has-background has-global-padding is-layout-constrained wp-container-core-group-is-layout-12243e0f wp-block-group-is-layout-constrained\" style=\"border-radius:0px\"><\/div>\n<\/div>\n","protected":false},"excerpt":{"rendered":"","protected":false},"author":1,"featured_media":2340,"parent":0,"menu_order":0,"comment_status":"closed","ping_status":"closed","template":"","meta":{"_seopress_robots_primary_cat":"","_seopress_titles_title":"Terms of use","_seopress_titles_desc":"Discover our detailed, RGPD-compliant legal notices for a stay at Camping du ch\u00e2teau de Charbonni\u00e8res in complete confidence.","_seopress_robots_index":"yes","_gt_ctv_global_id":"","_gt_ctv_id_group":false,"inline_featured_image":false,"gt_fse_maillage_image":"https:\/\/www.chateaudechambonnieres.com\/wp-content\/uploads\/2026\/03\/pelouse-arbres-parc-chambonnieres.jpg","gt_fse_maillage_titre":"Terms of use","gt_fse_maillage_alt":"lawn trees park chambonnieres","gt_fse_maillage_resume":"","footnotes":""},"categories":[],"tags":[],"class_list":["post-3352","page","type-page","status-publish","has-post-thumbnail","hentry"],"_links":{"self":[{"href":"https:\/\/www.chateaudechambonnieres.com\/en\/wp-json\/wp\/v2\/pages\/3352","targetHints":{"allow":["GET"]}}],"collection":[{"href":"https:\/\/www.chateaudechambonnieres.com\/en\/wp-json\/wp\/v2\/pages"}],"about":[{"href":"https:\/\/www.chateaudechambonnieres.com\/en\/wp-json\/wp\/v2\/types\/page"}],"author":[{"embeddable":true,"href":"https:\/\/www.chateaudechambonnieres.com\/en\/wp-json\/wp\/v2\/users\/1"}],"replies":[{"embeddable":true,"href":"https:\/\/www.chateaudechambonnieres.com\/en\/wp-json\/wp\/v2\/comments?post=3352"}],"version-history":[{"count":3,"href":"https:\/\/www.chateaudechambonnieres.com\/en\/wp-json\/wp\/v2\/pages\/3352\/revisions"}],"predecessor-version":[{"id":3445,"href":"https:\/\/www.chateaudechambonnieres.com\/en\/wp-json\/wp\/v2\/pages\/3352\/revisions\/3445"}],"wp:featuredmedia":[{"embeddable":true,"href":"https:\/\/www.chateaudechambonnieres.com\/en\/wp-json\/wp\/v2\/media\/2340"}],"wp:attachment":[{"href":"https:\/\/www.chateaudechambonnieres.com\/en\/wp-json\/wp\/v2\/media?parent=3352"}],"wp:term":[{"taxonomy":"category","embeddable":true,"href":"https:\/\/www.chateaudechambonnieres.com\/en\/wp-json\/wp\/v2\/categories?post=3352"},{"taxonomy":"post_tag","embeddable":true,"href":"https:\/\/www.chateaudechambonnieres.com\/en\/wp-json\/wp\/v2\/tags?post=3352"}],"curies":[{"name":"wp","href":"https:\/\/api.w.org\/{rel}","templated":true}]}}