{"id":3390,"date":"2025-10-31T09:43:12","date_gmt":"2025-10-31T08:43:12","guid":{"rendered":"https:\/\/www.chateaudechambonnieres.com\/mentions-legales\/"},"modified":"2026-04-02T14:34:14","modified_gmt":"2026-04-02T12:34:14","slug":"rechtliche-hinweise","status":"publish","type":"page","link":"https:\/\/www.chateaudechambonnieres.com\/de\/rechtliche-hinweise\/","title":{"rendered":"Rechtliche Hinweise"},"content":{"rendered":"\n<div class=\"wp-block-group section-1 has-custom-color-4-background-color has-background has-global-padding is-layout-constrained wp-container-core-group-is-layout-128cd087 wp-block-group-is-layout-constrained\" style=\"margin-top:0px;margin-bottom:0px;padding-right:0px;padding-bottom:0;padding-left:0px\">\n<div data-swiper=\"{&quot;speed&quot;:1000,&quot;autoplay&quot;:{&quot;delay&quot;:5000,&quot;disableOnInteraction&quot;:false},&quot;spaceBetween&quot;:0,&quot;slidesPerView&quot;:1,&quot;pagination&quot;:{&quot;el&quot;:&quot;.swiper-pagination&quot;,&quot;dynamicBullets&quot;:true,&quot;clickable&quot;:true,&quot;type&quot;:&quot;bullets&quot;},&quot;navigation&quot;:{&quot;nextEl&quot;:&quot;.swiper-button-next&quot;,&quot;prevEl&quot;:&quot;.swiper-button-prev&quot;},&quot;breakpoints&quot;:[{&quot;slidesPerView&quot;:1}]}\" class=\"wp-block-cover alignwide is-light has-custom-color-1-color has-text-color has-link-color wp-elements-41794cc51905ac791f32a80d1f7c572a\" style=\"padding-top:8rem;padding-right:10rem;padding-bottom:13rem;padding-left:10rem\"><span aria-hidden=\"true\" class=\"wp-block-cover__background has-background-dim-0 has-background-dim\"><\/span><div class=\"wp-block-cover__inner-container has-global-padding is-layout-constrained wp-container-core-cover-is-layout-e3cc0681 wp-block-cover-is-layout-constrained\">\n<h1 class=\"wp-block-heading has-text-align-center big-title has-custom-color-1-color has-text-color has-link-color has-vaelia-font-family wp-elements-7eddaea914efcbda183354cf94384897\" style=\"margin-bottom:4rem;font-size:clamp(38.253px, 2.391rem + ((1vw - 3.2px) * 3.411), 71px);line-height:1\">Rechtliche Hinweise<\/h1>\n\n\n\n<h2 class=\"wp-block-heading\">VERANTWORTLICH F\u00dcR DIE WEBSITE<\/h2>\n\n\n\n<p><strong>Campingplatz Ch\u00e2teau de Chambonni\u00e8res<\/strong><\/p>\n\n\n\n<p>Adresse: 8 Chem. des Guignes Barres, Le Plessis-Feu-Aussoux, \u00cele-de-France<br\/>Telefon: +33555840958<br\/>Email: contact@chateaudechambonnieres.com<br\/>SIRET: 98938141300016<br\/>Rechtsform: SAS, vereinfachte Aktiengesellschaft<br\/>Stammkapital: 20.000,00 \u20ac<br\/>Umsatzsteuer-Identifikationsnummer: FR21829712686 <br\/>Verantwortlich f\u00fcr die Ver\u00f6ffentlichung: ZANUTEL Christelle <\/p>\n\n\n\n<h2 class=\"wp-block-heading\">REALISIERUNG<\/h2>\n\n\n\n<p>GEEK TONIC<br\/>Vertreten durch Herrn Yohann Darmayan in seiner Eigenschaft als Gesch\u00e4ftsf\u00fchrer<br\/>Gesch\u00e4ftssitz: 16 CHEMIN DE SABALCE 64100 BAYONNE<br\/>Tel.: 05 32 74 11 52<br\/>E-mail: support@geek-tonic.com<br\/>Website: <a href=\"https:\/\/www.geek-tonic.com\/\">www.geek-tonic.com<br\/><\/a>SIRET: 89746755100015<br\/>APE: 6201Z<\/p>\n\n\n\n<h2 class=\"wp-block-heading\">URHEBERRECHT UND COPYRIGHT<\/h2>\n\n\n\n<p>Der gesamte Inhalt dieser Website unterliegt dem Urheberrecht sowie dem geistigen Eigentum der franz\u00f6sischen Gesetzgebung. Jede Vervielf\u00e4ltigung (einschlie\u00dflich Fotos, Icons und herunterladbarer Dokumente) ist ohne vorherige Zustimmung von GEEK TONIC untersagt. Die Vervielf\u00e4ltigung der gesamten oder eines Teils der Website in Papier- oder elektronischem Format auf einem elektronischen Datentr\u00e4ger ist verboten. GEEK TONIC \u00fcbernimmt keine Verantwortung f\u00fcr die Inhalte auf der Website. GEEK TONIC \u00fcbernimmt auch keine Verantwortung f\u00fcr externe Links, die auf diese Website verweisen.   <\/p>\n\n\n\n<h2 class=\"wp-block-heading\">PERS\u00d6NLICHE DATEN UND NAMENTLICHE INFORMATIONEN<\/h2>\n\n\n\n<p>Sie haben ein Recht auf Zugang, \u00c4nderung, Berichtigung und L\u00f6schung der Sie betreffenden Daten gem\u00e4\u00df Artikel 34 des Gesetzes &#8222;Informatique et Libert\u00e9s&#8220; Nr. 78-17 vom 6. Januar 1978, ge\u00e4ndert am 6. August 2018. Um dieses Zugangsrecht auszu\u00fcben, k\u00f6nnen Sie eine einfache schriftliche Anfrage an den Herausgeber der Website richten. <\/p>\n\n\n\n<h2 class=\"wp-block-heading\">RECHTSGESETZE<\/h2>\n\n\n\n<p>Gem\u00e4\u00df dem Gesetz vom 11. M\u00e4rz 1957 (Art. 41) und dem Gesetzbuch \u00fcber geistiges Eigentum vom 1. Juli 1992 ist es verboten, einen Teil der Website ohne vorherige Genehmigung des Herausgebers der Website teilweise oder vollst\u00e4ndig zu reproduzieren. Die Logos, Bilder, Fotos, Videos, Grafiken und Texte sind Eigentum ihrer jeweiligen Besitzer. Diese Website kann ohne sein Wissen mit anderen Websites \u00fcber Hypermedia-Links verbunden sein. Der Herausgeber der Website lehnt jede Verantwortung f\u00fcr die Informationen auf diesen anderen Websites ab. Der Internetnutzer erkennt an, dass die Nutzung dieser Website dem franz\u00f6sischen Recht unterliegt.    <\/p>\n\n\n\n<h2 class=\"wp-block-heading\">SCHLICHTUNG VON VERBRAUCHERRECHTSSTREITIGKEITEN<\/h2>\n\n\n\n<p>Gem\u00e4\u00df den Bestimmungen des Verbraucherschutzgesetzes \u00fcber das &#8222;Verfahren zur Schlichtung von Verbraucherrechtsstreitigkeiten&#8220; hat der Kunde das Recht, kostenlos den vom Campingplatz Ch\u00e2teau de Chambonni\u00e8res angebotenen Schlichtungsdienst in Anspruch zu nehmen. Der Mediator f\u00fcr Verbraucherrecht, der auf diese Weise angeboten wird, ist CM2C. Diese Schlichtungsstelle kann erreicht werden \u00fcber: &#8211; elektronisch: www.cm2c.net; &#8211; oder auf dem Postweg: CM2C &#8211; Centre de m\u00e9diation et r\u00e8glement amiable des huissiers de justice &#8211; 14, Rue Saint-Jean, 75017 Paris.  <\/p>\n\n\n\n<h2 class=\"wp-block-heading\">VERANTWORTUNG F\u00dcR LEGALE INHALTE<\/h2>\n\n\n\n<p>Als Eigent\u00fcmer Ihrer Website sind Sie daf\u00fcr verantwortlich, dass die Seiten Impressum und Datenschutzerkl\u00e4rung den geltenden Gesetzen entsprechen, insbesondere der GDPR (General Data Protection Regulation) f\u00fcr Websites, die personenbezogene Daten sammeln. Diese Seiten sollten regelm\u00e4\u00dfig aktualisiert werden und die rechtlichen und praktischen Informationen Ihres Unternehmens sowie die Verarbeitung personenbezogener Daten, die Sie vornehmen, transparent wiedergeben. <\/p>\n\n\n\n<p>Unsere Agentur kann Sie bei der technischen Einrichtung dieser Seiten unterst\u00fctzen, aber Sie bleiben f\u00fcr den rechtlichen Inhalt dieser Seiten verantwortlich. Wir empfehlen Ihnen dringend, einen Rechtsexperten zu konsultieren, um sicherzustellen, dass Ihr Impressum und Ihre Datenschutzrichtlinie mit den f\u00fcr Ihr Unternehmen geltenden Gesetzen \u00fcbereinstimmen. Kontaktieren Sie uns, wenn Sie dies ben\u00f6tigen, und wir k\u00f6nnen Sie an einen Partneranwalt verweisen.  <\/p>\n<\/div><\/div>\n\n\n\n<div class=\"wp-block-group shape bottom has-custom-color-4-background-color has-background has-global-padding is-layout-constrained wp-container-core-group-is-layout-12243e0f wp-block-group-is-layout-constrained\" style=\"border-radius:0px\"><\/div>\n<\/div>\n","protected":false},"excerpt":{"rendered":"","protected":false},"author":1,"featured_media":2341,"parent":0,"menu_order":0,"comment_status":"closed","ping_status":"closed","template":"","meta":{"_seopress_robots_primary_cat":"","_seopress_titles_title":"Rechtliche Hinweise","_seopress_titles_desc":"Entdecken Sie unsere ausf\u00fchrlichen und DSGVO-konformen rechtlichen Hinweise f\u00fcr einen Aufenthalt auf dem Campingplatz du ch\u00e2teau de Charbonni\u00e8res in vollem Vertrauen.","_seopress_robots_index":"yes","_gt_ctv_global_id":"","_gt_ctv_id_group":false,"inline_featured_image":false,"gt_fse_maillage_image":"https:\/\/www.chateaudechambonnieres.com\/wp-content\/uploads\/2026\/03\/pelouse-arbres-parc-chambonnieres.jpg","gt_fse_maillage_titre":"Rechtliche Hinweise","gt_fse_maillage_alt":"Rasen B\u00e4ume Park Chambonnieres","gt_fse_maillage_resume":"","footnotes":""},"categories":[],"tags":[],"class_list":["post-3390","page","type-page","status-publish","has-post-thumbnail","hentry"],"_links":{"self":[{"href":"https:\/\/www.chateaudechambonnieres.com\/de\/wp-json\/wp\/v2\/pages\/3390","targetHints":{"allow":["GET"]}}],"collection":[{"href":"https:\/\/www.chateaudechambonnieres.com\/de\/wp-json\/wp\/v2\/pages"}],"about":[{"href":"https:\/\/www.chateaudechambonnieres.com\/de\/wp-json\/wp\/v2\/types\/page"}],"author":[{"embeddable":true,"href":"https:\/\/www.chateaudechambonnieres.com\/de\/wp-json\/wp\/v2\/users\/1"}],"replies":[{"embeddable":true,"href":"https:\/\/www.chateaudechambonnieres.com\/de\/wp-json\/wp\/v2\/comments?post=3390"}],"version-history":[{"count":3,"href":"https:\/\/www.chateaudechambonnieres.com\/de\/wp-json\/wp\/v2\/pages\/3390\/revisions"}],"predecessor-version":[{"id":3456,"href":"https:\/\/www.chateaudechambonnieres.com\/de\/wp-json\/wp\/v2\/pages\/3390\/revisions\/3456"}],"wp:featuredmedia":[{"embeddable":true,"href":"https:\/\/www.chateaudechambonnieres.com\/de\/wp-json\/wp\/v2\/media\/2341"}],"wp:attachment":[{"href":"https:\/\/www.chateaudechambonnieres.com\/de\/wp-json\/wp\/v2\/media?parent=3390"}],"wp:term":[{"taxonomy":"category","embeddable":true,"href":"https:\/\/www.chateaudechambonnieres.com\/de\/wp-json\/wp\/v2\/categories?post=3390"},{"taxonomy":"post_tag","embeddable":true,"href":"https:\/\/www.chateaudechambonnieres.com\/de\/wp-json\/wp\/v2\/tags?post=3390"}],"curies":[{"name":"wp","href":"https:\/\/api.w.org\/{rel}","templated":true}]}}