{"id":3373,"date":"2025-10-27T15:18:59","date_gmt":"2025-10-27T14:18:59","guid":{"rendered":"https:\/\/www.chateaudechambonnieres.com\/camping-pas-cher-le-plessis-feu-aussoux\/"},"modified":"2026-04-02T14:41:04","modified_gmt":"2026-04-02T12:41:04","slug":"guenstige-campingplaetze-le-plessis-feu-aussoux","status":"publish","type":"page","link":"https:\/\/www.chateaudechambonnieres.com\/de\/guenstige-campingplaetze-le-plessis-feu-aussoux\/","title":{"rendered":"Unsere Preise"},"content":{"rendered":"\n<div class=\"wp-block-group section-list-hebergements has-custom-color-4-background-color has-background has-global-padding is-layout-constrained wp-container-core-group-is-layout-ae079fb5 wp-block-group-is-layout-constrained\" style=\"margin-top:0;margin-bottom:0;padding-top:4rem;padding-right:10rem;padding-left:10rem\">\n<h1 class=\"wp-block-heading has-text-align-center big-title has-custom-color-1-color has-text-color has-link-color has-vaelia-font-family wp-elements-8604d878a7c943e78a40567bae5caf5d\" style=\"margin-bottom:4rem;font-size:clamp(38.253px, 2.391rem + ((1vw - 3.2px) * 3.411), 71px);line-height:1\">G\u00fcnstige Campingpl\u00e4tze in Seine-et-Marne<\/h1>\n\n\n\n<div class=\"wp-block-group alignwide has-global-padding is-layout-constrained wp-container-core-group-is-layout-704e782a wp-block-group-is-layout-constrained\">\n<p class=\"has-text-align-center\">Tr\u00e4umen Sie von einem Urlaub in der Natur, ohne Ihr Budget zu sprengen? Der g\u00fcnstige Campingplatz in Seine-et-Marne, <a href=\"https:\/\/www.chateaudechambonnieres.com\/de\/\" data-type=\"page\" data-id=\"5\">Ch\u00e2teau de Chambonni\u00e8res<\/a>, bietet Ihnen einen preisg\u00fcnstigen Aufenthalt <strong>ohne<\/strong> <strong>Kompromisse<\/strong> <strong>bei<\/strong> <strong>der<\/strong> <strong>Qualit\u00e4t<\/strong>. Ob Sie sich f\u00fcr einen Stellplatz f\u00fcr Ihr Zelt oder ein <a href=\"https:\/\/www.chateaudechambonnieres.com\/de\/vermietung-mobilheimen-le-plessis-feu-aussoux\/\" data-type=\"page\" data-id=\"8\">komfortables mobilheim in der N\u00e4he von Disneyland Paris<\/a> entscheiden, hier genie\u00dfen Sie ein <strong>ausgezeichnetes Preis-Leistungs-Verh\u00e4ltnis <\/strong>in einer gr\u00fcnen Umgebung, nur wenige Schritte von den gro\u00dfen Sehensw\u00fcrdigkeiten von Paris entfernt.  <\/p>\n\n\n<div class=\"wp-block-gt-gt-fse-widgets-ctv\" data-wp-interactive=\"gt\/ctv\/widgets\">\n\n                        <ctv-availability data-background-color=\"#F3EDCFFF\"><\/ctv-availability>\n        \n    <\/div>\n<\/div>\n<\/div>\n\n<div class=\"wp-block-group section-1 has-custom-color-1-background-color has-background has-global-padding is-layout-constrained wp-container-core-group-is-layout-ed0d3ee8 wp-block-group-is-layout-constrained\" style=\"margin-top:0px;margin-bottom:0px;padding-right:0px;padding-left:0px\">\n<div class=\"wp-block-group shape has-custom-color-4-background-color has-background has-global-padding is-layout-constrained wp-container-core-group-is-layout-12243e0f wp-block-group-is-layout-constrained\" style=\"border-radius:0px\"><\/div>\n\n\n\n<div data-swiper=\"{&quot;speed&quot;:1000,&quot;autoplay&quot;:{&quot;delay&quot;:5000,&quot;disableOnInteraction&quot;:false},&quot;spaceBetween&quot;:0,&quot;slidesPerView&quot;:1,&quot;pagination&quot;:{&quot;el&quot;:&quot;.swiper-pagination&quot;,&quot;dynamicBullets&quot;:true,&quot;clickable&quot;:true,&quot;type&quot;:&quot;bullets&quot;},&quot;navigation&quot;:{&quot;nextEl&quot;:&quot;.swiper-button-next&quot;,&quot;prevEl&quot;:&quot;.swiper-button-prev&quot;},&quot;breakpoints&quot;:[{&quot;slidesPerView&quot;:1}]}\" class=\"wp-block-cover is-light\" style=\"margin-top:0px;margin-bottom:0px;padding-top:15rem;padding-right:10rem;padding-left:6rem\"><span aria-hidden=\"true\" class=\"wp-block-cover__background has-custom-color-4-background-color has-background-dim-0 has-background-dim\"><\/span><div class=\"wp-block-cover__inner-container has-global-padding is-layout-constrained wp-container-core-cover-is-layout-e791b7be wp-block-cover-is-layout-constrained\">\n<div class=\"wp-block-columns is-layout-flex wp-container-core-columns-is-layout-e8e14c91 wp-block-columns-is-layout-flex\" style=\"margin-top:0px;margin-bottom:0px;padding-top:0rem;padding-bottom:0rem\">\n<div class=\"wp-block-column is-vertically-aligned-center left is-layout-flow wp-block-column-is-layout-flow\" style=\"flex-basis:40%\">\n<h2 class=\"wp-block-heading big-title has-custom-color-4-color has-text-color has-link-color wp-elements-6494ff07cbf924849c4b0d0918072565\" style=\"margin-bottom:2rem\">Campingplatz mit Sonderangeboten in der N\u00e4he von Disneyland Paris<\/h2>\n\n\n\n<p class=\"has-custom-color-4-color has-text-color has-link-color wp-elements-1d9d40de5ba9399fd4946b1ae7f6d111\">Das ganze Jahr \u00fcber bieten wir <strong>Sonderangebote<\/strong> an, damit Sie von den besten Preisen profitieren k\u00f6nnen: Erm\u00e4\u00dfigungen f\u00fcr l\u00e4ngere Aufenthalte, Sonderangebote in der Nebensaison, Wochenendarrangements mit Themen zu Minipreisen&#8230; Unser Ziel ist einfach: <strong>Urlaub<\/strong> f\u00fcr <strong>alle<\/strong> <strong>zug\u00e4nglich<\/strong> machen, in einer ruhigen und famili\u00e4ren Umgebung. Egal, ob Sie zu zweit, mit der Familie oder mit Freunden unterwegs sind, unser g\u00fcnstiger Campingplatz in der N\u00e4he von Disneyland Paris bietet Ihnen eine echte Auszeit zu g\u00fcnstigen Preisen. Schauen Sie sich auch unsere Angebote zur <a href=\"https:\/\/www.chateaudechambonnieres.com\/de\/stellplatz-vermietung-le-plessis-feu-aussoux\/\" data-type=\"page\" data-id=\"9\">Vermietung von Stellpl\u00e4tzen in Seine-et-Marne<\/a> an, wenn Sie lieber einen nomadischen Urlaub mit Ihrem Zelt oder Wohnmobil verbringen m\u00f6chten.  <\/p>\n<\/div>\n\n\n\n<div class=\"wp-block-column right gt-no-margin-mobile is-layout-flow wp-block-column-is-layout-flow\" style=\"flex-basis:60%\">\n<figure class=\"wp-block-image size-full has-custom-border\"><img decoding=\"async\" width=\"2000\" height=\"1500\" src=\"https:\/\/www.chateaudechambonnieres.com\/wp-content\/uploads\/2026\/03\/parc-et-foret-du-chateau-chambonnieres.jpg\" alt=\"park und wald des schlosses chambonnieres\" class=\"wp-image-2333\" style=\"border-top-left-radius:34px;border-top-right-radius:34px;border-bottom-left-radius:34px;border-bottom-right-radius:34px;aspect-ratio:4\/3;object-fit:contain\"\/><\/figure>\n<\/div>\n<\/div>\n<\/div><\/div>\n\n\n\n<div class=\"wp-block-group shape bottom has-custom-color-1-background-color has-background has-global-padding is-layout-constrained wp-container-core-group-is-layout-12243e0f wp-block-group-is-layout-constrained\" style=\"border-radius:0px\"><\/div>\n<\/div>\n\n<div class=\"wp-block-group section-simple has-global-padding is-layout-constrained wp-container-core-group-is-layout-31b98dd7 wp-block-group-is-layout-constrained has-background\" style=\"margin-top:20rem;margin-bottom:4rem;padding-right:0px;padding-left:0px;background-image:url(&apos;https:\/\/t3.geek-tonic.dev\/wp-content\/uploads\/2025\/10\/forme-fond-sections.svg&apos;);background-size:cover;\">\n<div class=\"wp-block-columns is-layout-flex wp-container-core-columns-is-layout-d45b6e69 wp-block-columns-is-layout-flex\" style=\"margin-top:0px;margin-bottom:0px;padding-top:4rem;padding-right:8rem;padding-bottom:4rem;padding-left:8rem\">\n<div class=\"wp-block-column right is-layout-flow wp-block-column-is-layout-flow\" style=\"flex-basis:60%\">\n<figure class=\"wp-block-image size-full has-custom-border\"><img decoding=\"async\" width=\"1920\" height=\"1134\" src=\"https:\/\/www.chateaudechambonnieres.com\/wp-content\/uploads\/2026\/03\/avis-chambonniere.webp\" alt=\"Meinung Chambonniere\" class=\"wp-image-2113\" style=\"border-top-left-radius:34px;border-top-right-radius:34px;border-bottom-left-radius:34px;border-bottom-right-radius:34px\"\/><\/figure>\n<\/div>\n\n\n\n<div class=\"wp-block-column left is-layout-flow wp-block-column-is-layout-flow\" style=\"flex-basis:40%\">\n<h2 class=\"wp-block-heading big-title has-custom-color-1-color has-text-color has-link-color wp-elements-a116147649fff5ad96e480dfb0d5d97b\" style=\"margin-bottom:2rem\">Buchen Sie live<\/h2>\n\n\n\n<p>Wenn Sie direkt \u00fcber unsere Website buchen, k\u00f6nnen Sie sicher sein, <strong>dass<\/strong> Sie den <strong>besten<\/strong> <strong>Preis<\/strong> erhalten. Keine versteckten Kosten, keine Zwischenh\u00e4ndler, nur die Transparenz und Einfachheit, die uns auszeichnet. Wenn Sie \u00fcber unser Team buchen, haben Sie auch Zugang zu allen unseren Optionen: <strong>zus\u00e4tzliche<\/strong> <strong>Dienstleistungen<\/strong>, <strong>bevorzugte<\/strong> <strong>Stellpl\u00e4tze<\/strong>, <strong>Wahl der<\/strong> <strong>Unterkunft<\/strong>&#8230; Sie k\u00f6nnen auch schnell Antworten auf Ihre Fragen erhalten! Und f\u00fcr noch mehr Vorteile, denken Sie daran, fr\u00fch zu buchen! Unsere mobilheims und stellpl\u00e4tze sind schnell ausgebucht, besonders in den<strong>Sommermonaten<\/strong>. Warten Sie also nicht, sondern buchen Sie Ihren Aufenthalt auf einem g\u00fcnstigen Campingplatz in Seine-et-Marne, der engagiert und gastfreundlich ist.   <\/p>\n\n\n\n<p><\/p>\n<\/div>\n<\/div>\n<\/div>\n\n<div class=\"wp-block-group section-maillage has-custom-color-4-background-color has-background has-global-padding is-layout-constrained wp-container-core-group-is-layout-b2a531d2 wp-block-group-is-layout-constrained\" style=\"margin-top:0px;margin-bottom:0px;padding-top:var(--wp--preset--spacing--40);padding-right:0px;padding-bottom:var(--wp--preset--spacing--40);padding-left:0px\">\n<div class=\"wp-block-group shape has-base-2-background-color has-background has-global-padding is-layout-constrained wp-container-core-group-is-layout-12243e0f wp-block-group-is-layout-constrained\" style=\"border-radius:0px\"><\/div>\n\n\n\n<div class=\"wp-block-group content has-global-padding is-layout-constrained wp-container-core-group-is-layout-02453b6a wp-block-group-is-layout-constrained\" style=\"margin-top:0px;margin-bottom:0px;padding-top:12rem;padding-right:8rem;padding-bottom:12rem;padding-left:8rem\">\n<p class=\"has-text-align-center has-custom-color-1-color has-text-color has-link-color has-vaelia-font-family wp-elements-0fd45f9c26e7b3f42011df008b5f0138\" style=\"font-size:clamp(1.743rem, 1.743rem + ((1vw - 0.2rem) * 2.095), 3rem);\">Entdecken Sie auch<\/p>\n\n\n\n<div data-wp-context=\"{}\" data-wp-interactive=\"core\/query\" data-wp-key=\"0\" data-wp-router-region=\"query-0\" class=\"wp-block-query alignwide gt-fse-maillage-query is-layout-flow wp-block-query-is-layout-flow\"><ul class=\"has-link-color columns-3 wp-elements-4e5bf6026284703d5f5733220b33c58f wp-block-post-template has-text-color has-base-2-color is-layout-grid wp-container-core-post-template-is-layout-42cbe8f0 wp-block-post-template-is-layout-grid\"><li data-wp-key=\"post-template-item-3393\" class=\"wp-block-post post-3393 page type-page status-publish has-post-thumbnail hentry\">\n<a href=\"https:\/\/www.chateaudechambonnieres.com\/de\/stellplatz-vermietung-le-plessis-feu-aussoux\/\"    class=\"wp-block-tiptip-hyperlink-group-block wp-elements-4e5bf6026284703d5f5733220b33c58f\" >\n<div class=\"wp-block-group is-layout-flow wp-block-group-is-layout-flow\">\n<figure class=\"wp-block-image has-custom-border\"><img decoding=\"async\" src=\"https:\/\/www.chateaudechambonnieres.com\/wp-content\/uploads\/2026\/03\/camping-famille-vacances-emplacement-tente.jpeg\" alt=\"Unsere Stellpl\u00e4tze\" style=\"border-top-left-radius:34px;border-top-right-radius:34px;border-bottom-left-radius:34px;border-bottom-right-radius:34px;object-fit:cover\"\/><\/figure>\n\n\n\n<p class=\"has-text-align-center has-base-2-color has-text-color has-link-color has-vaelia-font-family wp-elements-12531937fb86701559273336408764bc\" style=\"padding-top:var(--wp--preset--spacing--20);padding-right:var(--wp--preset--spacing--10);padding-bottom:var(--wp--preset--spacing--20);padding-left:var(--wp--preset--spacing--10);font-size:clamp(0.984rem, 0.984rem + ((1vw - 0.2rem) * 0.86), 1.5rem);line-height:1\">Unsere Stellpl\u00e4tze<\/p>\n\n\n<a class=\"is-style-lien-cover wp-block-read-more\" href=\"https:\/\/www.chateaudechambonnieres.com\/de\/stellplatz-vermietung-le-plessis-feu-aussoux\/\" target=\"_self\">Weiterlesen<span class=\"screen-reader-text\">: Unsere Stellpl\u00e4tze<\/span><\/a><\/div>\n<\/a>\n<\/li><li data-wp-key=\"post-template-item-3397\" class=\"wp-block-post post-3397 page type-page status-publish has-post-thumbnail hentry\">\n<a href=\"https:\/\/www.chateaudechambonnieres.com\/de\/vermietung-mobilheimen-le-plessis-feu-aussoux\/\"    class=\"wp-block-tiptip-hyperlink-group-block wp-elements-4e5bf6026284703d5f5733220b33c58f\" >\n<div class=\"wp-block-group is-layout-flow wp-block-group-is-layout-flow\">\n<figure class=\"wp-block-image has-custom-border\"><img decoding=\"async\" src=\"https:\/\/www.chateaudechambonnieres.com\/wp-content\/uploads\/2025\/11\/mobil-home-le-briard-chambonnieres-2.png\" alt=\"mobilheim le briard chambonnieres\" style=\"border-top-left-radius:34px;border-top-right-radius:34px;border-bottom-left-radius:34px;border-bottom-right-radius:34px;object-fit:cover\"\/><\/figure>\n\n\n\n<p class=\"has-text-align-center has-base-2-color has-text-color has-link-color has-vaelia-font-family wp-elements-12531937fb86701559273336408764bc\" style=\"padding-top:var(--wp--preset--spacing--20);padding-right:var(--wp--preset--spacing--10);padding-bottom:var(--wp--preset--spacing--20);padding-left:var(--wp--preset--spacing--10);font-size:clamp(0.984rem, 0.984rem + ((1vw - 0.2rem) * 0.86), 1.5rem);line-height:1\">Die Vermieter<\/p>\n\n\n<a class=\"is-style-lien-cover wp-block-read-more\" href=\"https:\/\/www.chateaudechambonnieres.com\/de\/vermietung-mobilheimen-le-plessis-feu-aussoux\/\" target=\"_self\">Weiterlesen<span class=\"screen-reader-text\">: Vermieten<\/span><\/a><\/div>\n<\/a>\n<\/li><li data-wp-key=\"post-template-item-3371\" class=\"wp-block-post post-3371 page type-page status-publish has-post-thumbnail hentry\">\n<a href=\"https:\/\/www.chateaudechambonnieres.com\/de\/familiencamping-le-plessis-feu-aussoux\/\"    class=\"wp-block-tiptip-hyperlink-group-block wp-elements-4e5bf6026284703d5f5733220b33c58f\" >\n<div class=\"wp-block-group is-layout-flow wp-block-group-is-layout-flow\">\n<figure class=\"wp-block-image has-custom-border\"><img decoding=\"async\" src=\"https:\/\/www.chateaudechambonnieres.com\/wp-content\/uploads\/2026\/03\/famille-vacances-nature-seine-et-marne-2-1.jpeg\" alt=\"Unsere Dienstleistungen und Aktivit\u00e4ten\" style=\"border-top-left-radius:34px;border-top-right-radius:34px;border-bottom-left-radius:34px;border-bottom-right-radius:34px;object-fit:cover\"\/><\/figure>\n\n\n\n<p class=\"has-text-align-center has-base-2-color has-text-color has-link-color has-vaelia-font-family wp-elements-12531937fb86701559273336408764bc\" style=\"padding-top:var(--wp--preset--spacing--20);padding-right:var(--wp--preset--spacing--10);padding-bottom:var(--wp--preset--spacing--20);padding-left:var(--wp--preset--spacing--10);font-size:clamp(0.984rem, 0.984rem + ((1vw - 0.2rem) * 0.86), 1.5rem);line-height:1\">Unsere Dienstleistungen und Aktivit\u00e4ten<\/p>\n\n\n<a class=\"is-style-lien-cover wp-block-read-more\" href=\"https:\/\/www.chateaudechambonnieres.com\/de\/familiencamping-le-plessis-feu-aussoux\/\" target=\"_self\">Weiterlesen<span class=\"screen-reader-text\">: Unsere Dienstleistungen<\/span><\/a><\/div>\n<\/a>\n<\/li><\/ul><\/div>\n<\/div>\n<\/div>\n","protected":false},"excerpt":{"rendered":"<p>G\u00fcnstige Campingpl\u00e4tze in Seine-et-Marne Tr\u00e4umen Sie von einem Urlaub in der Natur, ohne Ihr Budget zu sprengen? Der g\u00fcnstige Campingplatz in Seine-et-Marne, Ch\u00e2teau de Chambonni\u00e8res, bietet Ihnen einen preisg\u00fcnstigen Aufenthalt ohne Kompromisse bei der Qualit\u00e4t. Ob Sie sich f\u00fcr einen Stellplatz f\u00fcr Ihr Zelt oder ein komfortables mobilheim in der N\u00e4he von Disneyland Paris entscheiden, [&hellip;]<\/p>\n","protected":false},"author":1,"featured_media":2671,"parent":0,"menu_order":0,"comment_status":"closed","ping_status":"closed","template":"","meta":{"_seopress_robots_primary_cat":"","_seopress_titles_title":"Camping Disneyland | Campingpl\u00e4tze in der N\u00e4he von Seine-et-Marne","_seopress_titles_desc":"Genie\u00dfen Sie einen erschwinglichen und unvergesslichen Aufenthalt in Seine-et-Marne in der N\u00e4he von Disneyland Paris. Sonderangebote und nat\u00fcrliche Umgebung garantiert! ","_seopress_robots_index":"","_gt_ctv_global_id":"","_gt_ctv_id_group":false,"inline_featured_image":false,"gt_fse_maillage_image":"https:\/\/www.chateaudechambonnieres.com\/wp-content\/uploads\/2026\/03\/camping-foret-nature-2.jpeg","gt_fse_maillage_titre":"Preise","gt_fse_maillage_alt":"Preise","gt_fse_maillage_resume":"Urlaub zum kleinen Preis","footnotes":""},"categories":[],"tags":[],"class_list":["post-3373","page","type-page","status-publish","has-post-thumbnail","hentry"],"_links":{"self":[{"href":"https:\/\/www.chateaudechambonnieres.com\/de\/wp-json\/wp\/v2\/pages\/3373","targetHints":{"allow":["GET"]}}],"collection":[{"href":"https:\/\/www.chateaudechambonnieres.com\/de\/wp-json\/wp\/v2\/pages"}],"about":[{"href":"https:\/\/www.chateaudechambonnieres.com\/de\/wp-json\/wp\/v2\/types\/page"}],"author":[{"embeddable":true,"href":"https:\/\/www.chateaudechambonnieres.com\/de\/wp-json\/wp\/v2\/users\/1"}],"replies":[{"embeddable":true,"href":"https:\/\/www.chateaudechambonnieres.com\/de\/wp-json\/wp\/v2\/comments?post=3373"}],"version-history":[{"count":6,"href":"https:\/\/www.chateaudechambonnieres.com\/de\/wp-json\/wp\/v2\/pages\/3373\/revisions"}],"predecessor-version":[{"id":3486,"href":"https:\/\/www.chateaudechambonnieres.com\/de\/wp-json\/wp\/v2\/pages\/3373\/revisions\/3486"}],"wp:featuredmedia":[{"embeddable":true,"href":"https:\/\/www.chateaudechambonnieres.com\/de\/wp-json\/wp\/v2\/media\/2671"}],"wp:attachment":[{"href":"https:\/\/www.chateaudechambonnieres.com\/de\/wp-json\/wp\/v2\/media?parent=3373"}],"wp:term":[{"taxonomy":"category","embeddable":true,"href":"https:\/\/www.chateaudechambonnieres.com\/de\/wp-json\/wp\/v2\/categories?post=3373"},{"taxonomy":"post_tag","embeddable":true,"href":"https:\/\/www.chateaudechambonnieres.com\/de\/wp-json\/wp\/v2\/tags?post=3373"}],"curies":[{"name":"wp","href":"https:\/\/api.w.org\/{rel}","templated":true}]}}