{"id":3371,"date":"2025-10-27T15:18:57","date_gmt":"2025-10-27T14:18:57","guid":{"rendered":"https:\/\/www.chateaudechambonnieres.com\/camping-familial-le-plessis-feu-aussoux\/"},"modified":"2026-04-02T14:40:52","modified_gmt":"2026-04-02T12:40:52","slug":"familiencamping-le-plessis-feu-aussoux","status":"publish","type":"page","link":"https:\/\/www.chateaudechambonnieres.com\/de\/familiencamping-le-plessis-feu-aussoux\/","title":{"rendered":"Unsere Dienstleistungen"},"content":{"rendered":"\n<div class=\"wp-block-group section-1 has-custom-color-4-background-color has-background has-global-padding is-layout-constrained wp-container-core-group-is-layout-ed0d3ee8 wp-block-group-is-layout-constrained\" style=\"margin-top:0px;margin-bottom:0px;padding-right:0px;padding-left:0px\">\n<div data-swiper=\"{&quot;speed&quot;:1000,&quot;autoplay&quot;:{&quot;delay&quot;:5000,&quot;disableOnInteraction&quot;:false},&quot;spaceBetween&quot;:0,&quot;slidesPerView&quot;:1,&quot;pagination&quot;:{&quot;el&quot;:&quot;.swiper-pagination&quot;,&quot;dynamicBullets&quot;:true,&quot;clickable&quot;:true,&quot;type&quot;:&quot;bullets&quot;},&quot;navigation&quot;:{&quot;nextEl&quot;:&quot;.swiper-button-next&quot;,&quot;prevEl&quot;:&quot;.swiper-button-prev&quot;},&quot;breakpoints&quot;:[{&quot;slidesPerView&quot;:1}]}\" class=\"wp-block-cover is-light\" style=\"padding-top:8rem;padding-right:10rem;padding-bottom:10rem;padding-left:6rem\"><img decoding=\"async\" width=\"6391\" height=\"4346\" class=\"wp-block-cover__image-background wp-image-2082 size-large\" alt=\"SECTION PRESENTATION\" src=\"https:\/\/www.chateaudechambonnieres.com\/wp-content\/uploads\/2026\/03\/SECTION-1-_-PRESENTATION.svg\" data-object-fit=\"cover\"\/><span aria-hidden=\"true\" class=\"wp-block-cover__background has-custom-color-4-background-color has-background-dim-0 has-background-dim\"><\/span><div class=\"wp-block-cover__inner-container has-global-padding is-layout-constrained wp-container-core-cover-is-layout-c4e87902 wp-block-cover-is-layout-constrained\">\n<div class=\"wp-block-columns are-vertically-aligned-top is-layout-flex wp-container-core-columns-is-layout-65a7aca3 wp-block-columns-is-layout-flex\">\n<div class=\"wp-block-column is-vertically-aligned-top left is-layout-flow wp-block-column-is-layout-flow\">\n<figure class=\"wp-block-image size-full has-custom-border\"><img decoding=\"async\" width=\"2000\" height=\"1500\" src=\"https:\/\/www.chateaudechambonnieres.com\/wp-content\/uploads\/2026\/03\/chateau-nature-chambonnieres.jpg\" alt=\"Naturschloss Chambonnieres\" class=\"wp-image-2324\" style=\"border-top-left-radius:34px;border-top-right-radius:34px;border-bottom-left-radius:34px;border-bottom-right-radius:34px\"\/><\/figure>\n\n\n\n<figure class=\"wp-block-image size-full has-custom-border\"><img decoding=\"async\" width=\"1456\" height=\"1091\" src=\"https:\/\/www.chateaudechambonnieres.com\/wp-content\/uploads\/2026\/03\/marche-villages-france-seine-et-marne-2-edited.jpeg\" alt=\"marktplatz d&#xF6;rfer frankreich seine-et-marne\" class=\"wp-image-2689\" style=\"border-top-left-radius:34px;border-top-right-radius:34px;border-bottom-left-radius:34px;border-bottom-right-radius:34px\"\/><\/figure>\n<\/div>\n\n\n\n<div class=\"wp-block-column is-vertically-aligned-top right is-layout-flow wp-block-column-is-layout-flow\" style=\"padding-top:var(--wp--preset--spacing--40)\">\n<h1 class=\"wp-block-heading big-title has-custom-color-1-color has-text-color has-link-color has-vaelia-font-family wp-elements-44698cd5a85bb65d4284853f5a24c3d6\" style=\"margin-bottom:4rem;font-size:clamp(38.253px, 2.391rem + ((1vw - 3.2px) * 3.411), 71px);line-height:1\">Familien-Campingplatz in Seine-et-Marne<\/h1>\n\n\n\n<p class=\"has-custom-color-1-color has-text-color\">Unser Familiencampingplatz in der N\u00e4he von Disneyland Paris liegt <strong>mitten<\/strong> im Gr\u00fcnen und bietet Ihnen mehr als nur einen Ort zum <strong>\u00dcbernachten<\/strong>.  <\/p>\n\n\n\n<p class=\"has-custom-color-1-color has-text-color\">Unser <a href=\"https:\/\/www.chateaudechambonnieres.com\/de\/\" data-type=\"page\" data-id=\"5\">Campingplatz in Seine-et-Marne<\/a> ist ein Ort des <strong>Teilens<\/strong> und der <strong>Einfachheit<\/strong>, an dem man sich sofort wohl f\u00fchlt.<\/p>\n<\/div>\n<\/div>\n<\/div><\/div>\n<\/div>\n\n<div class=\"wp-block-group section-6 has-global-padding is-layout-constrained wp-container-core-group-is-layout-c5903013 wp-block-group-is-layout-constrained\" style=\"padding-right:0px;padding-left:0px\">\n<div class=\"wp-block-group shape has-custom-color-4-background-color has-background has-global-padding is-layout-constrained wp-container-core-group-is-layout-12243e0f wp-block-group-is-layout-constrained\" style=\"border-radius:0px\"><\/div>\n\n\n\n<div class=\"wp-block-group icon-top has-custom-color-4-background-color has-background has-global-padding is-layout-constrained wp-block-group-is-layout-constrained\" style=\"border-top-left-radius:11px;border-top-right-radius:11px;border-bottom-left-radius:11px;border-bottom-right-radius:11px\">\n<figure class=\"wp-block-image size-large\"><img decoding=\"async\" width=\"42\" height=\"42\" src=\"https:\/\/www.chateaudechambonnieres.com\/wp-content\/uploads\/2026\/03\/panneau-1.svg\" alt=\"Panel\" class=\"wp-image-2270\"\/><\/figure>\n<\/div>\n\n\n\n<div class=\"wp-block-group has-global-padding is-layout-constrained wp-container-core-group-is-layout-c5903013 wp-block-group-is-layout-constrained\" style=\"padding-right:0px;padding-left:0px\">\n<div data-swiper=\"{&quot;speed&quot;:1000,&quot;autoplay&quot;:{&quot;delay&quot;:5000,&quot;disableOnInteraction&quot;:false},&quot;spaceBetween&quot;:0,&quot;slidesPerView&quot;:1,&quot;pagination&quot;:{&quot;el&quot;:&quot;.swiper-pagination&quot;,&quot;dynamicBullets&quot;:true,&quot;clickable&quot;:true,&quot;type&quot;:&quot;bullets&quot;},&quot;navigation&quot;:{&quot;nextEl&quot;:&quot;.swiper-button-next&quot;,&quot;prevEl&quot;:&quot;.swiper-button-prev&quot;},&quot;breakpoints&quot;:[{&quot;slidesPerView&quot;:1}]}\" class=\"wp-block-cover\" style=\"min-height:120vh;aspect-ratio:unset;\"><img decoding=\"async\" width=\"2000\" height=\"1333\" class=\"wp-block-cover__image-background wp-image-2700 size-full\" alt=\"seine et marne\" src=\"https:\/\/www.chateaudechambonnieres.com\/wp-content\/uploads\/2026\/03\/seine-et-marne.jpeg\" data-object-fit=\"cover\"\/><span aria-hidden=\"true\" class=\"wp-block-cover__background has-background-dim-0 has-background-dim\" style=\"background-color:#6e796a\"><\/span><div class=\"wp-block-cover__inner-container has-global-padding is-layout-constrained wp-block-cover-is-layout-constrained\"><a     class=\"wp-block-tiptip-hyperlink-group-block\" >\n<div class=\"wp-block-group card-content has-background has-global-padding is-layout-constrained wp-container-core-group-is-layout-bf816c8d wp-block-group-is-layout-constrained\" style=\"border-top-left-radius:82px;border-top-right-radius:82px;border-bottom-left-radius:82px;border-bottom-right-radius:82px;background-color:#eff4e6;padding-top:20px;padding-right:20px;padding-bottom:20px;padding-left:20px\">\n<figure class=\"wp-block-image size-large is-resized has-custom-border\"><img decoding=\"async\" width=\"1570\" height=\"1047\" src=\"https:\/\/www.chateaudechambonnieres.com\/wp-content\/uploads\/2026\/03\/chateau-parc-chambonnieres-edited-1.jpg\" alt=\"chateau parc chambonnieres\" class=\"wp-image-2779\" style=\"border-top-left-radius:67px;border-top-right-radius:67px;border-bottom-left-radius:67px;border-bottom-right-radius:67px;aspect-ratio:1.4993133532595524;width:580px;height:auto\"\/><\/figure>\n<\/div>\n<\/a><\/div><\/div>\n<\/div>\n\n\n\n<div class=\"wp-block-group content has-custom-color-1-background-color has-background has-global-padding is-layout-constrained wp-container-core-group-is-layout-de465587 wp-block-group-is-layout-constrained\" style=\"margin-top:0px;margin-bottom:0px;padding-top:0;padding-right:20rem;padding-bottom:10rem;padding-left:20rem\">\n<div class=\"wp-block-group shape has-custom-color-1-background-color has-background has-global-padding is-layout-constrained wp-container-core-group-is-layout-12243e0f wp-block-group-is-layout-constrained\" style=\"border-radius:0px\"><\/div>\n\n\n\n<h2 class=\"wp-block-heading has-text-align-center big-title has-custom-color-4-color has-text-color has-link-color wp-elements-d11a5abc39dbb96b6a153c59c8e047ba\" style=\"margin-bottom:2rem\">Willkommen bei Christelle und Franck<\/h2>\n\n\n\n<p class=\"has-text-align-center has-custom-color-4-color has-text-color\">Im Ch\u00e2teau de Chambonni\u00e8res werden Sie von Christelle und Franck mit <strong>Freundlichkeit<\/strong> und <strong>Authentizit\u00e4t<\/strong> empfangen. Ihr Projekt ist vor allem menschlich: einen Ort zu schaffen, an dem sich die G\u00e4ste treffen, austauschen und vor allem wie zu Hause f\u00fchlen k\u00f6nnen. Bei Ihrer Ankunft finden Sie eine \u00fcbersichtliche <strong>Rezeption<\/strong>, eine Informationsecke, um sich \u00fcber die Umgebung zu informieren, viele pers\u00f6nliche Ratschl\u00e4ge, um Ihren Tag zu organisieren und die Planung unserer Aktivit\u00e4ten und Animationen in der N\u00e4he von Disneyland Paris (Aktivit\u00e4ten und Animationen). Hier nimmt man sich Zeit f\u00fcr ein Gespr\u00e4ch, empfiehlt Ihnen einen Spaziergang oder einen guten lokalen Produzenten.<br\/>Ein weiterer Pluspunkt: <a href=\"https:\/\/www.chateaudechambonnieres.com\/de\/verpflichtungen-und-werte\/\" data-type=\"page\" data-id=\"11\">Unser engagierter Campingplatz in Seine-et-Marne<\/a> ist das <strong>ganze Jahr \u00fcber ge\u00f6ffnet<\/strong>!   <\/p>\n\n\n\n<p class=\"has-text-align-center has-custom-color-4-color has-text-color has-link-color wp-elements-5c05d8999e4cb7fa7017f36915c0fe80\"><\/p>\n\n\n\n<div class=\"wp-block-group shape bottom has-custom-color-1-background-color has-background has-global-padding is-layout-constrained wp-container-core-group-is-layout-12243e0f wp-block-group-is-layout-constrained\" style=\"border-radius:0px\"><\/div>\n<\/div>\n<\/div>\n\n<div class=\"wp-block-group section-4 has-global-padding is-layout-constrained wp-container-core-group-is-layout-f7256455 wp-block-group-is-layout-constrained\" style=\"margin-top:0px;padding-right:0px;padding-left:0px\">\n<div class=\"wp-block-group has-global-padding is-layout-constrained wp-container-core-group-is-layout-06bc7052 wp-block-group-is-layout-constrained\" style=\"border-top-left-radius:112px;border-top-right-radius:112px;border-bottom-left-radius:112px;border-bottom-right-radius:112px;padding-top:0rem;padding-right:0rem;padding-bottom:6rem;padding-left:0rem\">\n<div class=\"wp-block-cover gt-multiple-images-cover has-global-padding is-layout-constrained wp-container-core-cover-is-layout-f5c98baf wp-block-cover-is-layout-constrained has-slider\" style=\"border-top-left-radius:112px;border-top-right-radius:112px;border-bottom-left-radius:112px;border-bottom-right-radius:112px;padding-top:0px;padding-right:0px;padding-bottom:0px;padding-left:0px;min-height:430px;aspect-ratio:unset;\" data-image-ids=\"[1876]\"><div class=\"gt-is-slider swiper-container\" data-swiper=\"{&quot;speed&quot;:1000,&quot;autoplay&quot;:{&quot;delay&quot;:2000,&quot;disableOnInteraction&quot;:false},&quot;spaceBetween&quot;:0,&quot;slidesPerView&quot;:1,&quot;pagination&quot;:{&quot;el&quot;:&quot;.swiper-pagination&quot;,&quot;dynamicBullets&quot;:true,&quot;clickable&quot;:true,&quot;type&quot;:&quot;bullets&quot;},&quot;navigation&quot;:{&quot;nextEl&quot;:&quot;.swiper-button-next&quot;,&quot;prevEl&quot;:&quot;.swiper-button-prev&quot;},&quot;breakpoints&quot;:[{&quot;slidesPerView&quot;:1}],&quot;effect&quot;:&quot;fade&quot;}\"><div class=\"swiper-wrapper\"><\/div><\/div><img decoding=\"async\" width=\"1024\" height=\"684\" class=\"wp-block-cover__image-background wp-image-2693 size-large\" alt=\"epicerie locale chateau chambonnieres\" src=\"https:\/\/www.chateaudechambonnieres.com\/wp-content\/uploads\/2026\/03\/epicerie-locale-chateau-chambonnieres-2-1-1024x684.jpeg\" data-object-fit=\"cover\"\/><span aria-hidden=\"true\" class=\"wp-block-cover__background has-background-dim-20 has-background-dim wp-block-cover__gradient-background has-background-gradient\" style=\"background:linear-gradient(0deg,rgba(42,69,61,0.54) 0%,rgba(255,255,255,0) 100%)\"><\/span><div class=\"wp-block-cover__inner-container\"><\/div><\/div>\n\n\n\n<div class=\"wp-block-group content has-global-padding is-layout-constrained wp-container-core-group-is-layout-c33e39ee wp-block-group-is-layout-constrained\" style=\"padding-top:2rem;padding-right:4rem;padding-left:4rem\">\n<div class=\"wp-block-columns is-layout-flex wp-container-core-columns-is-layout-133cf375 wp-block-columns-is-layout-flex\">\n<div class=\"wp-block-column is-layout-flow wp-block-column-is-layout-flow\" style=\"flex-basis:100%\">\n<h2 class=\"wp-block-heading big-title has-custom-color-1-color has-text-color has-link-color wp-elements-42bee56767cfb02f2f8b7e39a351b1fe\" style=\"margin-bottom:2rem\">Unser Gesch\u00e4ft mit lokalen Produkten und Waren des t\u00e4glichen Bedarfs<\/h2>\n\n\n\n<p>Der kleine Lebensmittelladen des Campingplatzes versorgt Sie mit den <strong>wichtigsten Dingen<\/strong> <strong>des<\/strong> <strong>t\u00e4glichen<\/strong> Bedarfs (Nudeln, Kekse, Kaffee, Toilettenpapier&#8230;). Aber vor allem k\u00f6nnen Sie hier die <strong>lokalen<\/strong> <strong>Geschm\u00e4cker<\/strong> entdecken: Bier aus Courpalay, Honig, Briard-Nudeln, K\u00e4se und Joghurt aus eigener Herstellung. Ein echter Favorit f\u00fcr Feinschmecker, die die Erzeuger der Region unterst\u00fctzen m\u00f6chten!  <\/p>\n<\/div>\n<\/div>\n<\/div>\n<\/div>\n<\/div>\n\n<div class=\"wp-block-group section-simple has-custom-color-1-background-color has-background has-global-padding is-layout-constrained wp-container-core-group-is-layout-b151c75b wp-block-group-is-layout-constrained\" style=\"margin-top:15rem;margin-bottom:0px;padding-right:0px;padding-bottom:var(--wp--preset--spacing--50);padding-left:0px;background-image:url(&apos;https:\/\/t3.geek-tonic.dev\/wp-content\/uploads\/2025\/10\/forme-fond-sections.svg&apos;);background-size:cover;\">\n<div class=\"wp-block-group shape has-custom-color-1-background-color has-background has-global-padding is-layout-constrained wp-container-core-group-is-layout-12243e0f wp-block-group-is-layout-constrained\" style=\"border-radius:0px\"><\/div>\n\n\n\n<div class=\"wp-block-columns is-layout-flex wp-container-core-columns-is-layout-8b864c6d wp-block-columns-is-layout-flex\" style=\"margin-top:0px;margin-bottom:0px;padding-top:6rem;padding-right:8rem;padding-bottom:4rem;padding-left:8rem\">\n<div class=\"wp-block-column is-vertically-aligned-center left is-layout-flow wp-block-column-is-layout-flow\" style=\"flex-basis:40%\">\n<h2 class=\"wp-block-heading big-title has-custom-color-4-color has-text-color has-link-color wp-elements-937f5d25ef07832d7520cca534cbbd62\" style=\"margin-bottom:2rem\">Gesch\u00e4fte in der N\u00e4he<\/h2>\n\n\n\n<p class=\"has-custom-color-4-color has-text-color has-link-color wp-elements-6b9cb1d92e95191280f2ec51107f2a0f\">Nur wenige Minuten vom Campingplatz entfernt finden Sie alle <strong>notwendigen<\/strong> <strong>Gesch\u00e4fte<\/strong>, um Ihren Einkaufskorb zu erg\u00e4nzen: Superm\u00e4rkte und gro\u00dfe Superm\u00e4rkte (in Coulommiers), B\u00e4ckerei 3 km vom Campingplatz entfernt, Apotheke, Tankstelle&#8230; Die N\u00e4he zur Stadt macht es einfach, <strong>modernen<\/strong> <strong>Komfort<\/strong> mit dem <strong>Abschalten<\/strong> in der Natur zu kombinieren. Ob Sie mit dem Auto oder dem Fahrrad unterwegs sind, alles ist schnell erreichbar. <\/p>\n\n\n\n<p class=\"has-custom-color-4-color has-text-color has-link-color wp-elements-0ae49d7d249500a0dd1acf7a0c6d2e3a\"><\/p>\n<\/div>\n\n\n\n<div class=\"wp-block-column right is-layout-flow wp-block-column-is-layout-flow\" style=\"flex-basis:60%\">\n<figure class=\"wp-block-image size-large has-custom-border\"><img decoding=\"async\" width=\"1024\" height=\"682\" src=\"https:\/\/www.chateaudechambonnieres.com\/wp-content\/uploads\/2026\/03\/Coulommiers-village-france-vacances-1-1024x682.jpeg\" alt=\"Coulommiers village france vacances\" class=\"wp-image-2392\" style=\"border-top-left-radius:34px;border-top-right-radius:34px;border-bottom-left-radius:34px;border-bottom-right-radius:34px\"\/><\/figure>\n<\/div>\n<\/div>\n\n\n\n<div class=\"wp-block-group shape bottom has-custom-color-1-background-color has-background has-global-padding is-layout-constrained wp-container-core-group-is-layout-12243e0f wp-block-group-is-layout-constrained\" style=\"border-radius:0px\"><\/div>\n<\/div>\n\n<div class=\"wp-block-group section-maillage has-custom-color-4-background-color has-background has-global-padding is-layout-constrained wp-container-core-group-is-layout-b2a531d2 wp-block-group-is-layout-constrained\" style=\"margin-top:0px;margin-bottom:0px;padding-top:var(--wp--preset--spacing--40);padding-right:0px;padding-bottom:var(--wp--preset--spacing--40);padding-left:0px\">\n<div class=\"wp-block-group shape has-custom-color-1-background-color has-background has-global-padding is-layout-constrained wp-container-core-group-is-layout-12243e0f wp-block-group-is-layout-constrained\" style=\"border-radius:0px\"><\/div>\n\n\n\n<div class=\"wp-block-group content has-global-padding is-layout-constrained wp-container-core-group-is-layout-02453b6a wp-block-group-is-layout-constrained\" style=\"margin-top:0px;margin-bottom:0px;padding-top:12rem;padding-right:8rem;padding-bottom:12rem;padding-left:8rem\">\n<p class=\"has-text-align-center has-custom-color-1-color has-text-color has-link-color has-vaelia-font-family wp-elements-0fd45f9c26e7b3f42011df008b5f0138\" style=\"font-size:clamp(1.743rem, 1.743rem + ((1vw - 0.2rem) * 2.095), 3rem);\">Entdecken Sie auch<\/p>\n\n\n\n<div data-wp-context=\"{}\" data-wp-interactive=\"core\/query\" data-wp-key=\"0\" data-wp-router-region=\"query-0\" class=\"wp-block-query alignwide gt-fse-maillage-query is-layout-flow wp-block-query-is-layout-flow\"><ul class=\"has-link-color columns-3 wp-elements-4e5bf6026284703d5f5733220b33c58f wp-block-post-template has-text-color has-base-2-color is-layout-grid wp-container-core-post-template-is-layout-42cbe8f0 wp-block-post-template-is-layout-grid\"><li data-wp-key=\"post-template-item-3350\" class=\"wp-block-post post-3350 page type-page status-publish has-post-thumbnail hentry\">\n<a href=\"https:\/\/www.chateaudechambonnieres.com\/de\/camping-aktivitaeten-animationen-le-plessis-feu-aussoux\/\"    class=\"wp-block-tiptip-hyperlink-group-block wp-elements-4e5bf6026284703d5f5733220b33c58f\" >\n<div class=\"wp-block-group is-layout-flow wp-block-group-is-layout-flow\">\n<figure class=\"wp-block-image has-custom-border\"><img decoding=\"async\" src=\"https:\/\/www.chateaudechambonnieres.com\/wp-content\/uploads\/2026\/03\/famille-vacances-nature-camping-chateau.jpeg\" alt=\"Familienurlaub Natur Camping Schloss\" style=\"border-top-left-radius:34px;border-top-right-radius:34px;border-bottom-left-radius:34px;border-bottom-right-radius:34px;object-fit:cover\"\/><\/figure>\n\n\n\n<p class=\"has-text-align-center has-base-2-color has-text-color has-link-color has-vaelia-font-family wp-elements-12531937fb86701559273336408764bc\" style=\"padding-top:var(--wp--preset--spacing--20);padding-right:var(--wp--preset--spacing--10);padding-bottom:var(--wp--preset--spacing--20);padding-left:var(--wp--preset--spacing--10);font-size:clamp(0.984rem, 0.984rem + ((1vw - 0.2rem) * 0.86), 1.5rem);line-height:1\">Aktivit\u00e4ten auf dem Campingplatz<\/p>\n\n\n<a class=\"is-style-lien-cover wp-block-read-more\" href=\"https:\/\/www.chateaudechambonnieres.com\/de\/camping-aktivitaeten-animationen-le-plessis-feu-aussoux\/\" target=\"_self\">Weiterlesen<span class=\"screen-reader-text\">: Aktivit\u00e4ten und Animationen<\/span><\/a><\/div>\n<\/a>\n<\/li><li data-wp-key=\"post-template-item-3393\" class=\"wp-block-post post-3393 page type-page status-publish has-post-thumbnail hentry\">\n<a href=\"https:\/\/www.chateaudechambonnieres.com\/de\/stellplatz-vermietung-le-plessis-feu-aussoux\/\"    class=\"wp-block-tiptip-hyperlink-group-block wp-elements-4e5bf6026284703d5f5733220b33c58f\" >\n<div class=\"wp-block-group is-layout-flow wp-block-group-is-layout-flow\">\n<figure class=\"wp-block-image has-custom-border\"><img decoding=\"async\" src=\"https:\/\/www.chateaudechambonnieres.com\/wp-content\/uploads\/2026\/03\/camping-famille-vacances-emplacement-tente.jpeg\" alt=\"Unsere Stellpl\u00e4tze\" style=\"border-top-left-radius:34px;border-top-right-radius:34px;border-bottom-left-radius:34px;border-bottom-right-radius:34px;object-fit:cover\"\/><\/figure>\n\n\n\n<p class=\"has-text-align-center has-base-2-color has-text-color has-link-color has-vaelia-font-family wp-elements-12531937fb86701559273336408764bc\" style=\"padding-top:var(--wp--preset--spacing--20);padding-right:var(--wp--preset--spacing--10);padding-bottom:var(--wp--preset--spacing--20);padding-left:var(--wp--preset--spacing--10);font-size:clamp(0.984rem, 0.984rem + ((1vw - 0.2rem) * 0.86), 1.5rem);line-height:1\">Unsere Stellpl\u00e4tze<\/p>\n\n\n<a class=\"is-style-lien-cover wp-block-read-more\" href=\"https:\/\/www.chateaudechambonnieres.com\/de\/stellplatz-vermietung-le-plessis-feu-aussoux\/\" target=\"_self\">Weiterlesen<span class=\"screen-reader-text\">: Unsere Stellpl\u00e4tze<\/span><\/a><\/div>\n<\/a>\n<\/li><li data-wp-key=\"post-template-item-3397\" class=\"wp-block-post post-3397 page type-page status-publish has-post-thumbnail hentry\">\n<a href=\"https:\/\/www.chateaudechambonnieres.com\/de\/vermietung-mobilheimen-le-plessis-feu-aussoux\/\"    class=\"wp-block-tiptip-hyperlink-group-block wp-elements-4e5bf6026284703d5f5733220b33c58f\" >\n<div class=\"wp-block-group is-layout-flow wp-block-group-is-layout-flow\">\n<figure class=\"wp-block-image has-custom-border\"><img decoding=\"async\" src=\"https:\/\/www.chateaudechambonnieres.com\/wp-content\/uploads\/2025\/11\/mobil-home-le-briard-chambonnieres-2.png\" alt=\"mobilheim le briard chambonnieres\" style=\"border-top-left-radius:34px;border-top-right-radius:34px;border-bottom-left-radius:34px;border-bottom-right-radius:34px;object-fit:cover\"\/><\/figure>\n\n\n\n<p class=\"has-text-align-center has-base-2-color has-text-color has-link-color has-vaelia-font-family wp-elements-12531937fb86701559273336408764bc\" style=\"padding-top:var(--wp--preset--spacing--20);padding-right:var(--wp--preset--spacing--10);padding-bottom:var(--wp--preset--spacing--20);padding-left:var(--wp--preset--spacing--10);font-size:clamp(0.984rem, 0.984rem + ((1vw - 0.2rem) * 0.86), 1.5rem);line-height:1\">Die Vermieter<\/p>\n\n\n<a class=\"is-style-lien-cover wp-block-read-more\" href=\"https:\/\/www.chateaudechambonnieres.com\/de\/vermietung-mobilheimen-le-plessis-feu-aussoux\/\" target=\"_self\">Weiterlesen<span class=\"screen-reader-text\">: Vermieten<\/span><\/a><\/div>\n<\/a>\n<\/li><\/ul><\/div>\n<\/div>\n<\/div>\n","protected":false},"excerpt":{"rendered":"<p>Willkommen bei Christelle und Franck Im Ch\u00e2teau de Chambonni\u00e8res werden Sie von Christelle und Franck mit Freundlichkeit und Authentizit\u00e4t empfangen. Ihr Projekt ist vor allem menschlich: einen Ort zu schaffen, an dem sich die G\u00e4ste treffen, austauschen und vor allem wie zu Hause f\u00fchlen k\u00f6nnen. Bei Ihrer Ankunft finden Sie eine \u00fcbersichtliche Rezeption, eine Informationsecke, [&hellip;]<\/p>\n","protected":false},"author":1,"featured_media":2664,"parent":0,"menu_order":0,"comment_status":"closed","ping_status":"closed","template":"","meta":{"_seopress_robots_primary_cat":"","_seopress_titles_title":"Familien-Camping Seine-et-Marne | Camping Lebensmittelgesch\u00e4ft in der N\u00e4he Disneyland Paris","_seopress_titles_desc":"Genie\u00dfen Sie einen Aufenthalt in der N\u00e4he von Disneyland Paris in einer gr\u00fcnen und freundlichen Umgebung. Entdecken Sie Dienstleistungen, lokale Produkte und einen herzlichen Empfang das ganze Jahr \u00fcber! ","_seopress_robots_index":"","_gt_ctv_global_id":"","_gt_ctv_id_group":false,"inline_featured_image":false,"gt_fse_maillage_image":"https:\/\/www.chateaudechambonnieres.com\/wp-content\/uploads\/2026\/03\/famille-vacances-nature-seine-et-marne-2-1.jpeg","gt_fse_maillage_titre":"Unsere Dienstleistungen und Aktivit\u00e4ten","gt_fse_maillage_alt":"Unsere Dienstleistungen und Aktivit\u00e4ten","gt_fse_maillage_resume":"Dienstleistungen & Freizeit","footnotes":""},"categories":[],"tags":[],"class_list":["post-3371","page","type-page","status-publish","has-post-thumbnail","hentry"],"_links":{"self":[{"href":"https:\/\/www.chateaudechambonnieres.com\/de\/wp-json\/wp\/v2\/pages\/3371","targetHints":{"allow":["GET"]}}],"collection":[{"href":"https:\/\/www.chateaudechambonnieres.com\/de\/wp-json\/wp\/v2\/pages"}],"about":[{"href":"https:\/\/www.chateaudechambonnieres.com\/de\/wp-json\/wp\/v2\/types\/page"}],"author":[{"embeddable":true,"href":"https:\/\/www.chateaudechambonnieres.com\/de\/wp-json\/wp\/v2\/users\/1"}],"replies":[{"embeddable":true,"href":"https:\/\/www.chateaudechambonnieres.com\/de\/wp-json\/wp\/v2\/comments?post=3371"}],"version-history":[{"count":4,"href":"https:\/\/www.chateaudechambonnieres.com\/de\/wp-json\/wp\/v2\/pages\/3371\/revisions"}],"predecessor-version":[{"id":3476,"href":"https:\/\/www.chateaudechambonnieres.com\/de\/wp-json\/wp\/v2\/pages\/3371\/revisions\/3476"}],"wp:featuredmedia":[{"embeddable":true,"href":"https:\/\/www.chateaudechambonnieres.com\/de\/wp-json\/wp\/v2\/media\/2664"}],"wp:attachment":[{"href":"https:\/\/www.chateaudechambonnieres.com\/de\/wp-json\/wp\/v2\/media?parent=3371"}],"wp:term":[{"taxonomy":"category","embeddable":true,"href":"https:\/\/www.chateaudechambonnieres.com\/de\/wp-json\/wp\/v2\/categories?post=3371"},{"taxonomy":"post_tag","embeddable":true,"href":"https:\/\/www.chateaudechambonnieres.com\/de\/wp-json\/wp\/v2\/tags?post=3371"}],"curies":[{"name":"wp","href":"https:\/\/api.w.org\/{rel}","templated":true}]}}