{"id":3354,"date":"2025-11-17T15:04:28","date_gmt":"2025-11-17T14:04:28","guid":{"rendered":"https:\/\/www.chateaudechambonnieres.com\/camping-groupe-le-plessis-feu-aussoux\/"},"modified":"2026-04-02T14:32:06","modified_gmt":"2026-04-02T12:32:06","slug":"camping-fuer-gruppen-le-plessis-feu-aussoux","status":"publish","type":"page","link":"https:\/\/www.chateaudechambonnieres.com\/de\/camping-fuer-gruppen-le-plessis-feu-aussoux\/","title":{"rendered":"Thematische Veranstaltungen"},"content":{"rendered":"\n<div class=\"wp-block-group section-1 has-custom-color-4-background-color has-background has-global-padding is-layout-constrained wp-container-core-group-is-layout-22f9c6ec wp-block-group-is-layout-constrained\" style=\"margin-top:0px;margin-bottom:0px;padding-right:0px;padding-bottom:var(--wp--preset--spacing--40);padding-left:0px\">\n<div data-swiper=\"{&quot;speed&quot;:1000,&quot;autoplay&quot;:{&quot;delay&quot;:5000,&quot;disableOnInteraction&quot;:false},&quot;spaceBetween&quot;:0,&quot;slidesPerView&quot;:1,&quot;pagination&quot;:{&quot;el&quot;:&quot;.swiper-pagination&quot;,&quot;dynamicBullets&quot;:true,&quot;clickable&quot;:true,&quot;type&quot;:&quot;bullets&quot;},&quot;navigation&quot;:{&quot;nextEl&quot;:&quot;.swiper-button-next&quot;,&quot;prevEl&quot;:&quot;.swiper-button-prev&quot;},&quot;breakpoints&quot;:[{&quot;slidesPerView&quot;:1}]}\" class=\"wp-block-cover is-light gt-no-padding-mobile\" style=\"padding-top:8rem;padding-right:10rem;padding-bottom:10rem;padding-left:6rem;min-height:1315px;aspect-ratio:unset;\"><img decoding=\"async\" width=\"6391\" height=\"4346\" class=\"wp-block-cover__image-background wp-image-2082 size-large\" alt=\"SECTION PRESENTATION\" src=\"https:\/\/www.chateaudechambonnieres.com\/wp-content\/uploads\/2026\/03\/SECTION-1-_-PRESENTATION.svg\" data-object-fit=\"cover\"\/><span aria-hidden=\"true\" class=\"wp-block-cover__background has-custom-color-4-background-color has-background-dim\"><\/span><div class=\"wp-block-cover__inner-container has-global-padding is-layout-constrained wp-container-core-cover-is-layout-c4e87902 wp-block-cover-is-layout-constrained\">\n<div class=\"wp-block-columns are-vertically-aligned-top is-layout-flex wp-container-core-columns-is-layout-65a7aca3 wp-block-columns-is-layout-flex\">\n<div class=\"wp-block-column is-vertically-aligned-top left is-layout-flow wp-block-column-is-layout-flow\">\n<figure class=\"wp-block-image size-full has-custom-border\"><img decoding=\"async\" width=\"2000\" height=\"1331\" src=\"https:\/\/www.chateaudechambonnieres.com\/wp-content\/uploads\/2026\/03\/retraite-bien-etre-chateau-chambonnieres-1.jpeg\" alt=\"pension wellness chateau chambonnieres\" class=\"wp-image-2832\" style=\"border-top-left-radius:34px;border-top-right-radius:34px;border-bottom-left-radius:34px;border-bottom-right-radius:34px\"\/><\/figure>\n\n\n\n<figure class=\"wp-block-image size-full has-custom-border\"><img decoding=\"async\" width=\"2000\" height=\"1500\" src=\"https:\/\/www.chateaudechambonnieres.com\/wp-content\/uploads\/2026\/03\/terrain-camping-chambonnieres.jpg\" alt=\"campingplatz chambonnieres\" class=\"wp-image-2345\" style=\"border-top-left-radius:34px;border-top-right-radius:34px;border-bottom-left-radius:34px;border-bottom-right-radius:34px\"\/><\/figure>\n<\/div>\n\n\n\n<div class=\"wp-block-column is-vertically-aligned-top right is-layout-flow wp-block-column-is-layout-flow\" style=\"padding-top:var(--wp--preset--spacing--40)\">\n<h1 class=\"wp-block-heading big-title has-custom-color-1-color has-text-color has-link-color has-vaelia-font-family wp-elements-bde9356ef879636daaaf759250d50850\" style=\"margin-bottom:4rem;font-size:clamp(38.253px, 2.391rem + ((1vw - 3.2px) * 3.411), 71px);line-height:1\">Idealer Campingplatz f\u00fcr Gruppen in der N\u00e4he von Disneyland Paris<\/h1>\n\n\n\n<p class=\"has-custom-color-1-color has-text-color\">Suchen Sie einen Gruppencampingplatz in der N\u00e4he von Disneyland Paris, wo Sie eine <strong>gesellige<\/strong>, <strong>originelle<\/strong> und <strong>nat\u00fcrliche<\/strong> <strong>Veranstaltung<\/strong> organisieren k\u00f6nnen? Ch\u00e2teau de Chambonni\u00e8res, unser <a href=\"https:\/\/www.chateaudechambonnieres.com\/de\/\" data-type=\"page\" data-id=\"5\">Campingplatz in Seine-et-Marne<\/a>, \u00f6ffnet seine T\u00fcren in einer <strong>atypischen<\/strong> und <strong>gem\u00fctlichen<\/strong> <strong>Umgebung<\/strong>, nur 30 km vom ber\u00fchmten Vergn\u00fcgungspark entfernt.   <\/p>\n\n\n\n<p class=\"has-custom-color-1-color has-text-color\">Hier herrscht eine famili\u00e4re Atmosph\u00e4re, ein pers\u00f6nlicher Empfang und eine Infrastruktur, die Ihre Gruppe unter den besten Bedingungen empf\u00e4ngt. Sobald Sie ankommen, tauchen Sie in eine freundliche Welt ein und entdecken Sie, was diesen Ort so einzigartig und ideal macht, um sich fernab von der Hektik zu <strong>treffen<\/strong>. <\/p>\n<\/div>\n<\/div>\n<\/div><\/div>\n<\/div>\n\n<div class=\"wp-block-group section-simple has-custom-color-1-background-color has-background has-global-padding is-layout-constrained wp-container-core-group-is-layout-57f387a5 wp-block-group-is-layout-constrained\" style=\"margin-bottom:0px;padding-right:0px;padding-bottom:var(--wp--preset--spacing--50);padding-left:0px;background-image:url(&apos;https:\/\/t3.geek-tonic.dev\/wp-content\/uploads\/2025\/10\/forme-fond-sections.svg&apos;);background-size:cover;\">\n<div class=\"wp-block-group shape has-custom-color-1-background-color has-background has-global-padding is-layout-constrained wp-container-core-group-is-layout-12243e0f wp-block-group-is-layout-constrained\" style=\"border-radius:0px\"><\/div>\n\n\n\n<div class=\"wp-block-columns is-layout-flex wp-container-core-columns-is-layout-d45b6e69 wp-block-columns-is-layout-flex\" style=\"margin-top:0px;margin-bottom:0px;padding-top:4rem;padding-right:8rem;padding-bottom:4rem;padding-left:8rem\">\n<div class=\"wp-block-column left is-layout-flow wp-block-column-is-layout-flow\" style=\"flex-basis:40%\">\n<h2 class=\"wp-block-heading big-title has-custom-color-4-color has-text-color has-link-color wp-elements-afe07a98e4e1bc7fa02b4abaffe71857\" style=\"margin-bottom:2rem\">Eine Familienfeier, ein Seminar? W\u00e4hlen Sie unseren Campingplatz! <\/h2>\n\n\n\n<p class=\"has-custom-color-4-color has-text-color has-link-color wp-elements-4e582fdb276dd33493d43e3adaaffc79\">Geburtstag, Cousinade, intime Hochzeit oder Firmenseminar&#8230; alle Gelegenheiten sind gut, um sich zu versammeln. Unser Campingplatz f\u00fcr Gruppen in Seine-et-Marne bietet eine <strong>nat\u00fcrliche<\/strong>, <strong>ruhige<\/strong> und <strong>sichere<\/strong> <strong>Umgebung<\/strong> mit <strong>geselligen<\/strong> <strong>Gemeinschaftsr\u00e4umen<\/strong> und <strong>Leistungen<\/strong> <strong>\u00e0 la carte<\/strong>.   <\/p>\n\n\n\n<p class=\"has-custom-color-4-color has-text-color has-link-color wp-elements-8827beddc776bae0fbab668bc5372a8d\">Der Ort eignet sich auch hervorragend f\u00fcr <strong>Vereinsveranstaltungen<\/strong> oder <strong>Wellness-Kurse<\/strong>, in einer Atmosph\u00e4re, die den Austausch und das Abschalten f\u00f6rdert. M\u00f6chten Sie unseren Campingplatz privatisieren? Kontaktieren Sie uns direkt f\u00fcr weitere Informationen per Telefon unter <strong>06.24.34.47.47 oder per E-Mail an contact@chateaudechambonnieres.com<\/strong>.<\/p>\n\n\n\n<p class=\"has-custom-color-4-color has-text-color has-link-color wp-elements-0ae49d7d249500a0dd1acf7a0c6d2e3a\"><\/p>\n<\/div>\n\n\n\n<div class=\"wp-block-column right is-layout-flow wp-block-column-is-layout-flow\" style=\"flex-basis:60%\">\n<figure class=\"wp-block-image size-large has-custom-border\"><img decoding=\"async\" width=\"1024\" height=\"576\" src=\"https:\/\/www.chateaudechambonnieres.com\/wp-content\/uploads\/2026\/03\/reception-parc-chateau-chambonnieres-3-1024x576.jpeg\" alt=\"reception parc chateau chambonnieres\" class=\"wp-image-2567\" style=\"border-top-left-radius:34px;border-top-right-radius:34px;border-bottom-left-radius:34px;border-bottom-right-radius:34px\"\/><\/figure>\n<\/div>\n<\/div>\n\n\n\n<div class=\"wp-block-group shape bottom has-custom-color-1-background-color has-background has-global-padding is-layout-constrained wp-container-core-group-is-layout-12243e0f wp-block-group-is-layout-constrained\" style=\"border-radius:0px\"><\/div>\n<\/div>\n\n<div class=\"wp-block-group section-simple has-global-padding is-layout-constrained wp-container-core-group-is-layout-542e85c0 wp-block-group-is-layout-constrained has-background\" style=\"margin-top:16rem;margin-bottom:4rem;padding-right:0px;padding-left:0px;background-image:url(&apos;https:\/\/t3.geek-tonic.dev\/wp-content\/uploads\/2025\/10\/forme-fond-sections.svg&apos;);background-size:cover;\">\n<div class=\"wp-block-columns is-layout-flex wp-container-core-columns-is-layout-d45b6e69 wp-block-columns-is-layout-flex\" style=\"margin-top:0px;margin-bottom:0px;padding-top:4rem;padding-right:8rem;padding-bottom:4rem;padding-left:8rem\">\n<div class=\"wp-block-column right is-layout-flow wp-block-column-is-layout-flow\" style=\"flex-basis:60%\">\n<figure class=\"wp-block-image size-full has-custom-border\"><img decoding=\"async\" width=\"937\" height=\"703\" src=\"https:\/\/www.chateaudechambonnieres.com\/wp-content\/uploads\/2026\/03\/mobil-home-le-briard-chambonnieres.png\" alt=\"mobilheim le briard chambonnieres\" class=\"wp-image-2816\" style=\"border-top-left-radius:34px;border-top-right-radius:34px;border-bottom-left-radius:34px;border-bottom-right-radius:34px\"\/><figcaption class=\"wp-element-caption\">Nicht vertragliches Foto<\/figcaption><\/figure>\n<\/div>\n\n\n\n<div class=\"wp-block-column left is-layout-flow wp-block-column-is-layout-flow\" style=\"flex-basis:40%\">\n<h2 class=\"wp-block-heading big-title has-custom-color-1-color has-text-color has-link-color wp-elements-7bb3a7278c563f5b93e164f11907c7dc\" style=\"margin-bottom:2rem\">Unsere Unterk\u00fcnfte f\u00fcr Gruppen in Seine-et-Marne<\/h2>\n\n\n\n<p>Der Campingplatz kann <strong>bis zu 60 Personen<\/strong> in Mietunterk\u00fcnften (mobilheimen, chalets) und auf Stellpl\u00e4tzen unterbringen. Dies ist die perfekte Kombination, um <strong>Komfortliebhaber<\/strong> und Anh\u00e4nger des <strong>traditionellen Campings<\/strong> zusammenzubringen. Die mobilheims sind gut ausgestattet und ein Modell ist f\u00fcr Behinderte zug\u00e4nglich. Die Stellpl\u00e4tze sind ger\u00e4umig und schattig und eignen sich perfekt f\u00fcr Vans oder Zelte.   <\/p>\n<\/div>\n<\/div>\n\n\n\n<div class=\"wp-block-columns is-layout-flex wp-container-core-columns-is-layout-d45b6e69 wp-block-columns-is-layout-flex\" style=\"margin-top:0px;margin-bottom:0px;padding-top:4rem;padding-right:8rem;padding-bottom:4rem;padding-left:8rem\">\n<div class=\"wp-block-column is-vertically-aligned-center left is-layout-flow wp-block-column-is-layout-flow\" style=\"flex-basis:40%\">\n<h2 class=\"wp-block-heading big-title has-custom-color-1-color has-text-color has-link-color wp-elements-e2673cd8d97fe3b04b496ad51537114f\" style=\"margin-bottom:2rem\">Privatisieren Sie den Campingplatz in der Nebensaison<\/h2>\n\n\n\n<p>In der Nebensaison ist es m\u00f6glich, <strong>den<\/strong> <strong>Campingplatz<\/strong> f\u00fcr Ihre Gruppe zu <strong>privatisieren<\/strong>. Dieses Angebot ist besonders attraktiv f\u00fcr gro\u00dfe Familien, Gruppen von Freunden oder Unternehmen, die eine einzigartige Erfahrung im Gr\u00fcnen und in absoluter Privatsph\u00e4re machen m\u00f6chten. Wenn Sie den Campingplatz privatisieren, k\u00f6nnen Sie alle Einrichtungen nutzen: <strong>Unterk\u00fcnfte<\/strong>, <strong>Au\u00dfenbereiche<\/strong>, <strong>Gemeinschaftsraum<\/strong>, <strong>Mini-Farm<\/strong>, <strong>Sportplatz<\/strong>&#8230;  <\/p>\n\n\n\n<p>Der Campingplatz passt sich Ihren W\u00fcnschen an, <strong>um<\/strong> jeden Aufenthalt zu einem unvergesslichen Erlebnis zu machen.<\/p>\n<\/div>\n\n\n\n<div class=\"wp-block-column right is-layout-flow wp-block-column-is-layout-flow\" style=\"flex-basis:60%\">\n<figure class=\"wp-block-image size-full has-custom-border\"><img decoding=\"async\" width=\"1999\" height=\"1333\" src=\"https:\/\/www.chateaudechambonnieres.com\/wp-content\/uploads\/2026\/03\/visite-ferme-animaux-vacances-chambonnieres-2-2.jpg\" alt=\"Besuch Bauernhof Tiere Urlaub Chambonnieres\" class=\"wp-image-2499\" style=\"border-top-left-radius:34px;border-top-right-radius:34px;border-bottom-left-radius:34px;border-bottom-right-radius:34px\"\/><\/figure>\n<\/div>\n<\/div>\n<\/div>\n\n<div class=\"wp-block-group section-maillage has-custom-color-4-background-color has-background has-global-padding is-layout-constrained wp-container-core-group-is-layout-b2a531d2 wp-block-group-is-layout-constrained\" style=\"margin-top:0px;margin-bottom:0px;padding-top:var(--wp--preset--spacing--40);padding-right:0px;padding-bottom:var(--wp--preset--spacing--40);padding-left:0px\">\n<div class=\"wp-block-group shape has-base-2-background-color has-background has-global-padding is-layout-constrained wp-container-core-group-is-layout-12243e0f wp-block-group-is-layout-constrained\" style=\"border-radius:0px\"><\/div>\n\n\n\n<div class=\"wp-block-group content has-global-padding is-layout-constrained wp-container-core-group-is-layout-02453b6a wp-block-group-is-layout-constrained\" style=\"margin-top:0px;margin-bottom:0px;padding-top:12rem;padding-right:8rem;padding-bottom:12rem;padding-left:8rem\">\n<p class=\"has-text-align-center has-custom-color-1-color has-text-color has-link-color has-vaelia-font-family wp-elements-0fd45f9c26e7b3f42011df008b5f0138\" style=\"font-size:clamp(1.743rem, 1.743rem + ((1vw - 0.2rem) * 2.095), 3rem);\">Entdecken Sie auch<\/p>\n\n\n\n<div data-wp-context=\"{}\" data-wp-interactive=\"core\/query\" data-wp-key=\"0\" data-wp-router-region=\"query-0\" class=\"wp-block-query alignwide gt-fse-maillage-query is-layout-flow wp-block-query-is-layout-flow\"><ul class=\"has-link-color columns-3 wp-elements-4e5bf6026284703d5f5733220b33c58f wp-block-post-template has-text-color has-base-2-color is-layout-grid wp-container-core-post-template-is-layout-42cbe8f0 wp-block-post-template-is-layout-grid\"><li data-wp-key=\"post-template-item-3350\" class=\"wp-block-post post-3350 page type-page status-publish has-post-thumbnail hentry\">\n<a href=\"https:\/\/www.chateaudechambonnieres.com\/de\/camping-aktivitaeten-animationen-le-plessis-feu-aussoux\/\"    class=\"wp-block-tiptip-hyperlink-group-block wp-elements-4e5bf6026284703d5f5733220b33c58f\" >\n<div class=\"wp-block-group is-layout-flow wp-block-group-is-layout-flow\">\n<figure class=\"wp-block-image has-custom-border\"><img decoding=\"async\" src=\"https:\/\/www.chateaudechambonnieres.com\/wp-content\/uploads\/2026\/03\/famille-vacances-nature-camping-chateau.jpeg\" alt=\"Familienurlaub Natur Camping Schloss\" style=\"border-top-left-radius:34px;border-top-right-radius:34px;border-bottom-left-radius:34px;border-bottom-right-radius:34px;object-fit:cover\"\/><\/figure>\n\n\n\n<p class=\"has-text-align-center has-base-2-color has-text-color has-link-color has-vaelia-font-family wp-elements-12531937fb86701559273336408764bc\" style=\"padding-top:var(--wp--preset--spacing--20);padding-right:var(--wp--preset--spacing--10);padding-bottom:var(--wp--preset--spacing--20);padding-left:var(--wp--preset--spacing--10);font-size:clamp(0.984rem, 0.984rem + ((1vw - 0.2rem) * 0.86), 1.5rem);line-height:1\">Aktivit\u00e4ten auf dem Campingplatz<\/p>\n\n\n<a class=\"is-style-lien-cover wp-block-read-more\" href=\"https:\/\/www.chateaudechambonnieres.com\/de\/camping-aktivitaeten-animationen-le-plessis-feu-aussoux\/\" target=\"_self\">Weiterlesen<span class=\"screen-reader-text\">: Aktivit\u00e4ten und Animationen<\/span><\/a><\/div>\n<\/a>\n<\/li><li data-wp-key=\"post-template-item-3348\" class=\"wp-block-post post-3348 page type-page status-publish has-post-thumbnail hentry\">\n<a href=\"https:\/\/www.chateaudechambonnieres.com\/de\/verpflichtungen-und-werte\/\"    class=\"wp-block-tiptip-hyperlink-group-block wp-elements-4e5bf6026284703d5f5733220b33c58f\" >\n<div class=\"wp-block-group is-layout-flow wp-block-group-is-layout-flow\">\n<figure class=\"wp-block-image has-custom-border\"><img decoding=\"async\" src=\"https:\/\/www.chateaudechambonnieres.com\/wp-content\/uploads\/2026\/03\/camping-famille-vacances-emplacement-tente.jpeg\" alt=\"Zu sehen\" style=\"border-top-left-radius:34px;border-top-right-radius:34px;border-bottom-left-radius:34px;border-bottom-right-radius:34px;object-fit:cover\"\/><\/figure>\n\n\n\n<p class=\"has-text-align-center has-base-2-color has-text-color has-link-color has-vaelia-font-family wp-elements-12531937fb86701559273336408764bc\" style=\"padding-top:var(--wp--preset--spacing--20);padding-right:var(--wp--preset--spacing--10);padding-bottom:var(--wp--preset--spacing--20);padding-left:var(--wp--preset--spacing--10);font-size:clamp(0.984rem, 0.984rem + ((1vw - 0.2rem) * 0.86), 1.5rem);line-height:1\">Engagierter Campingplatz<\/p>\n\n\n<a class=\"is-style-lien-cover wp-block-read-more\" href=\"https:\/\/www.chateaudechambonnieres.com\/de\/verpflichtungen-und-werte\/\" target=\"_self\">Weiterlesen<span class=\"screen-reader-text\">: Unsere Verpflichtungen und Werte<\/span><\/a><\/div>\n<\/a>\n<\/li><li data-wp-key=\"post-template-item-3371\" class=\"wp-block-post post-3371 page type-page status-publish has-post-thumbnail hentry\">\n<a href=\"https:\/\/www.chateaudechambonnieres.com\/de\/familiencamping-le-plessis-feu-aussoux\/\"    class=\"wp-block-tiptip-hyperlink-group-block wp-elements-4e5bf6026284703d5f5733220b33c58f\" >\n<div class=\"wp-block-group is-layout-flow wp-block-group-is-layout-flow\">\n<figure class=\"wp-block-image has-custom-border\"><img decoding=\"async\" src=\"https:\/\/www.chateaudechambonnieres.com\/wp-content\/uploads\/2026\/03\/famille-vacances-nature-seine-et-marne-2-1.jpeg\" alt=\"Unsere Dienstleistungen und Aktivit\u00e4ten\" style=\"border-top-left-radius:34px;border-top-right-radius:34px;border-bottom-left-radius:34px;border-bottom-right-radius:34px;object-fit:cover\"\/><\/figure>\n\n\n\n<p class=\"has-text-align-center has-base-2-color has-text-color has-link-color has-vaelia-font-family wp-elements-12531937fb86701559273336408764bc\" style=\"padding-top:var(--wp--preset--spacing--20);padding-right:var(--wp--preset--spacing--10);padding-bottom:var(--wp--preset--spacing--20);padding-left:var(--wp--preset--spacing--10);font-size:clamp(0.984rem, 0.984rem + ((1vw - 0.2rem) * 0.86), 1.5rem);line-height:1\">Unsere Dienstleistungen und Aktivit\u00e4ten<\/p>\n\n\n<a class=\"is-style-lien-cover wp-block-read-more\" href=\"https:\/\/www.chateaudechambonnieres.com\/de\/familiencamping-le-plessis-feu-aussoux\/\" target=\"_self\">Weiterlesen<span class=\"screen-reader-text\">: Unsere Dienstleistungen<\/span><\/a><\/div>\n<\/a>\n<\/li><\/ul><\/div>\n<\/div>\n<\/div>\n","protected":false},"excerpt":{"rendered":"<p>Eine Familienfeier, ein Seminar? W\u00e4hlen Sie unseren Campingplatz! Geburtstag, Cousinade, intime Hochzeit oder Firmenseminar&#8230; alle Gelegenheiten sind gut, um sich zu versammeln. Unser Campingplatz f\u00fcr Gruppen in Seine-et-Marne bietet eine nat\u00fcrliche, ruhige und sichere Umgebung mit geselligen Gemeinschaftsr\u00e4umen und Leistungen \u00e0 la carte. Der Ort eignet sich auch hervorragend f\u00fcr Vereinsveranstaltungen oder Wellness-Kurse, in einer [&hellip;]<\/p>\n","protected":false},"author":1,"featured_media":2758,"parent":0,"menu_order":0,"comment_status":"closed","ping_status":"closed","template":"","meta":{"_seopress_robots_primary_cat":"","_seopress_titles_title":"Camping Gruppe Seine-et-Marne | Veranstaltungen in der N\u00e4he von Disneyland","_seopress_titles_desc":"Treffen Sie sich auf Ch\u00e2teau de Chambonni\u00e8res, einem gem\u00fctlichen Campingplatz in der N\u00e4he von Disneyland, f\u00fcr eine einzigartige Veranstaltung inmitten der Natur. Kontaktieren Sie uns! ","_seopress_robots_index":"","_gt_ctv_global_id":"","_gt_ctv_id_group":false,"inline_featured_image":false,"gt_fse_maillage_image":"https:\/\/www.chateaudechambonnieres.com\/wp-content\/uploads\/2026\/03\/camping-feu-vacances-foret.jpeg","gt_fse_maillage_titre":"Organisieren Sie Ihre Veranstaltung!","gt_fse_maillage_alt":"Camping Aktivit\u00e4ten Urlaub","gt_fse_maillage_resume":"Organisieren Sie Ihre Veranstaltung!","footnotes":""},"categories":[],"tags":[],"class_list":["post-3354","page","type-page","status-publish","has-post-thumbnail","hentry"],"_links":{"self":[{"href":"https:\/\/www.chateaudechambonnieres.com\/de\/wp-json\/wp\/v2\/pages\/3354","targetHints":{"allow":["GET"]}}],"collection":[{"href":"https:\/\/www.chateaudechambonnieres.com\/de\/wp-json\/wp\/v2\/pages"}],"about":[{"href":"https:\/\/www.chateaudechambonnieres.com\/de\/wp-json\/wp\/v2\/types\/page"}],"author":[{"embeddable":true,"href":"https:\/\/www.chateaudechambonnieres.com\/de\/wp-json\/wp\/v2\/users\/1"}],"replies":[{"embeddable":true,"href":"https:\/\/www.chateaudechambonnieres.com\/de\/wp-json\/wp\/v2\/comments?post=3354"}],"version-history":[{"count":3,"href":"https:\/\/www.chateaudechambonnieres.com\/de\/wp-json\/wp\/v2\/pages\/3354\/revisions"}],"predecessor-version":[{"id":3431,"href":"https:\/\/www.chateaudechambonnieres.com\/de\/wp-json\/wp\/v2\/pages\/3354\/revisions\/3431"}],"wp:featuredmedia":[{"embeddable":true,"href":"https:\/\/www.chateaudechambonnieres.com\/de\/wp-json\/wp\/v2\/media\/2758"}],"wp:attachment":[{"href":"https:\/\/www.chateaudechambonnieres.com\/de\/wp-json\/wp\/v2\/media?parent=3354"}],"wp:term":[{"taxonomy":"category","embeddable":true,"href":"https:\/\/www.chateaudechambonnieres.com\/de\/wp-json\/wp\/v2\/categories?post=3354"},{"taxonomy":"post_tag","embeddable":true,"href":"https:\/\/www.chateaudechambonnieres.com\/de\/wp-json\/wp\/v2\/tags?post=3354"}],"curies":[{"name":"wp","href":"https:\/\/api.w.org\/{rel}","templated":true}]}}